{"id":810,"date":"2017-01-03T17:55:31","date_gmt":"2017-01-03T16:55:31","guid":{"rendered":"http:\/\/rembatschool.fr\/?page_id=810"},"modified":"2018-09-04T14:44:17","modified_gmt":"2018-09-04T13:44:17","slug":"les-plus","status":"publish","type":"page","link":"https:\/\/rembatschool.fr\/index.php\/les-plus\/","title":{"rendered":"les plus"},"content":{"rendered":"<h3><span style=\"color: #000000;\"><a style=\"color: #000000;\" href=\"http:\/\/rembatschool.fr\/index.php\/cover\/\" target=\"_blank\" rel=\"noopener\">Acc\u00e9der \u00e0 toutes mes covers en cliquant ici<\/a><\/span><\/h3>\n<p>&nbsp;<\/p>\n<h3><span style=\"color: #000000;\"><a style=\"color: #000000;\" href=\"http:\/\/rembatschool.fr\/index.php\/commentaire\/\">Acc\u00e9der au commentaire des \u00e9l\u00e8ves en cliquant ici :\u00a0<\/a><\/span><\/h3>\n","protected":false},"excerpt":{"rendered":"<p>Acc\u00e9der \u00e0 toutes mes covers en cliquant ici &nbsp; Acc\u00e9der au commentaire des \u00e9l\u00e8ves en cliquant ici :\u00a0<\/p>\n","protected":false},"author":1,"featured_media":0,"parent":0,"menu_order":0,"comment_status":"closed","ping_status":"closed","template":"","meta":{"footnotes":""},"class_list":["post-810","page","type-page","status-publish","hentry"],"yoast_head":"<!-- This site is optimized with the Yoast SEO plugin v27.3 - https:\/\/yoast.com\/product\/yoast-seo-wordpress\/ -->\n<title>les plus - Cours de guitare rock nantes<\/title>\n<meta name=\"robots\" content=\"index, follow, max-snippet:-1, max-image-preview:large, max-video-preview:-1\" \/>\n<link rel=\"canonical\" href=\"https:\/\/rembatschool.fr\/index.php\/les-plus\/\" \/>\n<meta property=\"og:locale\" content=\"fr_FR\" \/>\n<meta property=\"og:type\" content=\"article\" \/>\n<meta property=\"og:title\" content=\"les plus - Cours de guitare rock nantes\" \/>\n<meta property=\"og:description\" content=\"Acc\u00e9der \u00e0 toutes mes covers en cliquant ici &nbsp; Acc\u00e9der au commentaire des \u00e9l\u00e8ves en cliquant ici :\u00a0\" \/>\n<meta property=\"og:url\" content=\"https:\/\/rembatschool.fr\/index.php\/les-plus\/\" \/>\n<meta property=\"og:site_name\" content=\"Cours de guitare rock nantes\" \/>\n<meta property=\"article:publisher\" content=\"https:\/\/www.facebook.com\/rembatschool\/\" \/>\n<meta property=\"article:modified_time\" content=\"2018-09-04T13:44:17+00:00\" \/>\n<meta property=\"og:image\" content=\"https:\/\/rembatschool.fr\/wp-content\/uploads\/2016\/06\/cropped-SITE-LOGO-1.png\" \/>\n\t<meta property=\"og:image:width\" content=\"512\" \/>\n\t<meta property=\"og:image:height\" content=\"512\" \/>\n\t<meta property=\"og:image:type\" content=\"image\/png\" \/>\n<meta name=\"twitter:card\" content=\"summary_large_image\" \/>\n<script type=\"application\/ld+json\" class=\"yoast-schema-graph\">{\"@context\":\"https:\\\/\\\/schema.org\",\"@graph\":[{\"@type\":\"WebPage\",\"@id\":\"https:\\\/\\\/rembatschool.fr\\\/index.php\\\/les-plus\\\/\",\"url\":\"https:\\\/\\\/rembatschool.fr\\\/index.php\\\/les-plus\\\/\",\"name\":\"les plus - Cours de guitare rock nantes\",\"isPartOf\":{\"@id\":\"https:\\\/\\\/rembatschool.fr\\\/#website\"},\"datePublished\":\"2017-01-03T16:55:31+00:00\",\"dateModified\":\"2018-09-04T13:44:17+00:00\",\"breadcrumb\":{\"@id\":\"https:\\\/\\\/rembatschool.fr\\\/index.php\\\/les-plus\\\/#breadcrumb\"},\"inLanguage\":\"fr-FR\",\"potentialAction\":[{\"@type\":\"ReadAction\",\"target\":[\"https:\\\/\\\/rembatschool.fr\\\/index.php\\\/les-plus\\\/\"]}]},{\"@type\":\"BreadcrumbList\",\"@id\":\"https:\\\/\\\/rembatschool.fr\\\/index.php\\\/les-plus\\\/#breadcrumb\",\"itemListElement\":[{\"@type\":\"ListItem\",\"position\":1,\"name\":\"Accueil\",\"item\":\"https:\\\/\\\/rembatschool.fr\\\/\"},{\"@type\":\"ListItem\",\"position\":2,\"name\":\"les plus\"}]},{\"@type\":\"WebSite\",\"@id\":\"https:\\\/\\\/rembatschool.fr\\\/#website\",\"url\":\"https:\\\/\\\/rembatschool.fr\\\/\",\"name\":\"Cours de guitare rock nantes\",\"description\":\"des cours de guitare rock et m\u00e9tal \u00e0 domicile\",\"publisher\":{\"@id\":\"https:\\\/\\\/rembatschool.fr\\\/#organization\"},\"alternateName\":\"un prof dipl\u00f4m\u00e9 de la M.A.I.\",\"potentialAction\":[{\"@type\":\"SearchAction\",\"target\":{\"@type\":\"EntryPoint\",\"urlTemplate\":\"https:\\\/\\\/rembatschool.fr\\\/?s={search_term_string}\"},\"query-input\":{\"@type\":\"PropertyValueSpecification\",\"valueRequired\":true,\"valueName\":\"search_term_string\"}}],\"inLanguage\":\"fr-FR\"},{\"@type\":\"Organization\",\"@id\":\"https:\\\/\\\/rembatschool.fr\\\/#organization\",\"name\":\"rembatschool\",\"alternateName\":\"rembat\",\"url\":\"https:\\\/\\\/rembatschool.fr\\\/\",\"logo\":{\"@type\":\"ImageObject\",\"inLanguage\":\"fr-FR\",\"@id\":\"https:\\\/\\\/rembatschool.fr\\\/#\\\/schema\\\/logo\\\/image\\\/\",\"url\":\"https:\\\/\\\/rembatschool.fr\\\/wp-content\\\/uploads\\\/2016\\\/06\\\/cropped-SITE-LOGO-1.png\",\"contentUrl\":\"https:\\\/\\\/rembatschool.fr\\\/wp-content\\\/uploads\\\/2016\\\/06\\\/cropped-SITE-LOGO-1.png\",\"width\":512,\"height\":512,\"caption\":\"rembatschool\"},\"image\":{\"@id\":\"https:\\\/\\\/rembatschool.fr\\\/#\\\/schema\\\/logo\\\/image\\\/\"},\"sameAs\":[\"https:\\\/\\\/www.facebook.com\\\/rembatschool\\\/\",\"https:\\\/\\\/www.youtube.com\\\/@rembat9605\"]}]}<\/script>\n<!-- \/ Yoast SEO plugin. -->","yoast_head_json":{"title":"les plus - Cours de guitare rock nantes","robots":{"index":"index","follow":"follow","max-snippet":"max-snippet:-1","max-image-preview":"max-image-preview:large","max-video-preview":"max-video-preview:-1"},"canonical":"https:\/\/rembatschool.fr\/index.php\/les-plus\/","og_locale":"fr_FR","og_type":"article","og_title":"les plus - Cours de guitare rock nantes","og_description":"Acc\u00e9der \u00e0 toutes mes covers en cliquant ici &nbsp; Acc\u00e9der au commentaire des \u00e9l\u00e8ves en cliquant ici :\u00a0","og_url":"https:\/\/rembatschool.fr\/index.php\/les-plus\/","og_site_name":"Cours de guitare rock nantes","article_publisher":"https:\/\/www.facebook.com\/rembatschool\/","article_modified_time":"2018-09-04T13:44:17+00:00","og_image":[{"width":512,"height":512,"url":"https:\/\/rembatschool.fr\/wp-content\/uploads\/2016\/06\/cropped-SITE-LOGO-1.png","type":"image\/png"}],"twitter_card":"summary_large_image","schema":{"@context":"https:\/\/schema.org","@graph":[{"@type":"WebPage","@id":"https:\/\/rembatschool.fr\/index.php\/les-plus\/","url":"https:\/\/rembatschool.fr\/index.php\/les-plus\/","name":"les plus - Cours de guitare rock nantes","isPartOf":{"@id":"https:\/\/rembatschool.fr\/#website"},"datePublished":"2017-01-03T16:55:31+00:00","dateModified":"2018-09-04T13:44:17+00:00","breadcrumb":{"@id":"https:\/\/rembatschool.fr\/index.php\/les-plus\/#breadcrumb"},"inLanguage":"fr-FR","potentialAction":[{"@type":"ReadAction","target":["https:\/\/rembatschool.fr\/index.php\/les-plus\/"]}]},{"@type":"BreadcrumbList","@id":"https:\/\/rembatschool.fr\/index.php\/les-plus\/#breadcrumb","itemListElement":[{"@type":"ListItem","position":1,"name":"Accueil","item":"https:\/\/rembatschool.fr\/"},{"@type":"ListItem","position":2,"name":"les plus"}]},{"@type":"WebSite","@id":"https:\/\/rembatschool.fr\/#website","url":"https:\/\/rembatschool.fr\/","name":"Cours de guitare rock nantes","description":"des cours de guitare rock et m\u00e9tal \u00e0 domicile","publisher":{"@id":"https:\/\/rembatschool.fr\/#organization"},"alternateName":"un prof dipl\u00f4m\u00e9 de la M.A.I.","potentialAction":[{"@type":"SearchAction","target":{"@type":"EntryPoint","urlTemplate":"https:\/\/rembatschool.fr\/?s={search_term_string}"},"query-input":{"@type":"PropertyValueSpecification","valueRequired":true,"valueName":"search_term_string"}}],"inLanguage":"fr-FR"},{"@type":"Organization","@id":"https:\/\/rembatschool.fr\/#organization","name":"rembatschool","alternateName":"rembat","url":"https:\/\/rembatschool.fr\/","logo":{"@type":"ImageObject","inLanguage":"fr-FR","@id":"https:\/\/rembatschool.fr\/#\/schema\/logo\/image\/","url":"https:\/\/rembatschool.fr\/wp-content\/uploads\/2016\/06\/cropped-SITE-LOGO-1.png","contentUrl":"https:\/\/rembatschool.fr\/wp-content\/uploads\/2016\/06\/cropped-SITE-LOGO-1.png","width":512,"height":512,"caption":"rembatschool"},"image":{"@id":"https:\/\/rembatschool.fr\/#\/schema\/logo\/image\/"},"sameAs":["https:\/\/www.facebook.com\/rembatschool\/","https:\/\/www.youtube.com\/@rembat9605"]}]}},"_links":{"self":[{"href":"https:\/\/rembatschool.fr\/index.php\/wp-json\/wp\/v2\/pages\/810","targetHints":{"allow":["GET"]}}],"collection":[{"href":"https:\/\/rembatschool.fr\/index.php\/wp-json\/wp\/v2\/pages"}],"about":[{"href":"https:\/\/rembatschool.fr\/index.php\/wp-json\/wp\/v2\/types\/page"}],"author":[{"embeddable":true,"href":"https:\/\/rembatschool.fr\/index.php\/wp-json\/wp\/v2\/users\/1"}],"replies":[{"embeddable":true,"href":"https:\/\/rembatschool.fr\/index.php\/wp-json\/wp\/v2\/comments?post=810"}],"version-history":[{"count":6,"href":"https:\/\/rembatschool.fr\/index.php\/wp-json\/wp\/v2\/pages\/810\/revisions"}],"predecessor-version":[{"id":1050,"href":"https:\/\/rembatschool.fr\/index.php\/wp-json\/wp\/v2\/pages\/810\/revisions\/1050"}],"wp:attachment":[{"href":"https:\/\/rembatschool.fr\/index.php\/wp-json\/wp\/v2\/media?parent=810"}],"curies":[{"name":"wp","href":"https:\/\/api.w.org\/{rel}","templated":true}]}}