{"id":69,"date":"2016-06-08T17:13:18","date_gmt":"2016-06-08T16:13:18","guid":{"rendered":"http:\/\/rembatschool.fr\/?page_id=69"},"modified":"2026-01-19T10:35:58","modified_gmt":"2026-01-19T09:35:58","slug":"tarifs","status":"publish","type":"page","link":"https:\/\/rembatschool.fr\/index.php\/tarifs\/","title":{"rendered":"Tarifs et Horaires"},"content":{"rendered":"<h6 style=\"text-align: left;\">\u00c9tant\u00a0agr\u00e9ment\u00e9 service \u00e0 la personne pour mes cours de guitare \u00e0 domicile, tous mes cours b\u00e9n\u00e9ficient d&rsquo;une d\u00e9duction ou d&rsquo;un cr\u00e9dit d\u2019imp\u00f4t de 50%. Pour tout savoir sur cet agr\u00e9ment <a href=\"http:\/\/rembatschool.fr\/index.php\/agrement-service-a-la-personnes\/\">cliquez ici<\/a>.<\/h6>\n<hr \/>\n<h5 style=\"text-align: center;\"><\/h5>\n<h3 style=\"text-align: left;\">Deux formules sont possibles :<\/h3>\n<table class=\"style-2\" style=\"height: 115px;\" width=\"702\">\n<tbody>\n<tr>\n<th style=\"text-align: center;\">Cours sur l&rsquo;ann\u00e9e<\/th>\n<th style=\"text-align: center;\">cours ponctuel<\/th>\n<\/tr>\n<tr>\n<td style=\"text-align: center;\"><strong>67.5\u20ac \/ mois <\/strong>au rythme d&rsquo;un\u00a0 cours parsemaine hors vacances scolaires pour un total de <strong>35 cours sur l&rsquo;ann\u00e9e <\/strong>soit 19\u20ac \/ cours<\/td>\n<td style=\"text-align: center;\"><strong>25\u20ac \/ cours <\/strong>les cours peuvent \u00eatre pris au <strong>rythme<\/strong><strong> que vous souhaitez\u00a0<\/strong><\/td>\n<\/tr>\n<tr>\n<td style=\"text-align: center;\">\u00a0 soit 135\u20ac par mois ou 38.5\u20ac\/ cours avant d\u00e9duction <span style=\"font-size: revert; font-family: inherit; font-weight: inherit; color: initial;\">ou cr\u00e9dit d&rsquo;imp\u00f4t\u00a0<\/span><\/td>\n<td style=\"text-align: center;\">soit 50\u20ac \/ cours avant r\u00e9duction ou cr\u00e9dit d&rsquo;imp\u00f4t<\/td>\n<\/tr>\n<\/tbody>\n<\/table>\n<p style=\"text-align: left;\">Des <strong>r\u00e9ductions<\/strong> se font pour <strong>les cours en groupe<\/strong>, plus de renseignement plus bas ou en me contactant<\/p>\n<div class=\"gdlr-shortcode-wrapper\"><div class=\"gdlr-item gdlr-accordion-item style-1\"  ><div class=\"accordion-tab active pre-active\" ><h4 class=\"accordion-title\" ><i class=\"fa fa-minus icon-minus\" ><\/i><span><strong>Cours sur l'ann\u00e9e<\/strong><\/span><\/h4><div class=\"accordion-content\"><ul>\n<li>les cours durent 45min<\/li>\n<li>Les cours se font du 1 septembre au 30 Juin<\/li>\n<li>Pas de cours durant les vacances scolaires<\/li>\n<li>Si je suis absent, le cours vous est d\u00e9compt\u00e9 du mois en cours<\/li>\n<li>Si vous \u00eates absent le cours reste \u00e0 votre charge, cependant des proposition de d\u00e9placement peuvent \u00eatre faite exceptionnellement<\/li>\n<li>pour<strong> les cours en groupes<\/strong> un adulte et un enfant ou deux enfant soit 2x45min de cours. Le tarifs est de <strong>120\u20ac<\/strong> \/ mois soit 240\u20ac avant la r\u00e9duction fiscale.<\/li>\n<li>Le paiement est mensualis\u00e9 et est de 135\u20ac par mois avant la r\u00e9duction fiscale quelque soit le nombre de cours pris dans le mois.<\/li>\n<li>le paiement se fait avant le 5 du mois<br \/>\n<\/div><\/div><div class=\"accordion-tab\" ><h4 class=\"accordion-title\" ><i class=\"fa fa-plus icon-plus\" ><\/i><span><strong>Agr\u00e9ment service \u00e0 la personne, d\u00e9duction et cr\u00e9dit d'imp\u00f4t<\/strong><\/span><\/h4><div class=\"accordion-content\"><p>Mes cours \u00e9tant agr\u00e9ment\u00e9s service \u00e0 la personne, ils vous donnent acc\u00e8s \u00e0 50% de d\u00e9duction d\u2019imp\u00f4t si vous en payez et \u00e0 50% de cr\u00e9dit d\u2019imp\u00f4t si vous n&rsquo;en payez pas. Dans le cadre de cet agr\u00e9ment je vous fournirai :<\/li>\n<li>Une facture \u00e0 la fin de chaque mois<\/li>\n<li>Une Attestation fiscale au mois de janvier* r\u00e9capitulant l&rsquo;ensemble des cours pris ensemble. C&rsquo;est ce papier qui donne acc\u00e8s aux 50% de r\u00e9duction lors de votre d\u00e9claration d\u2019imp\u00f4ts.<\/li>\n<\/ul>\n<hr \/>\n<p><strong>Attention :<\/strong> ces avantages fiscaux ont tout de m\u00eame leurs limites, pour \u00eatre s\u00fbr de pouvoir en b\u00e9n\u00e9ficier vous pouvez\u00a0consulter <strong>ma page d\u00e9di\u00e9e aux Services \u00e0 la personne<\/strong>\u00a0en <a href=\"http:\/\/rembatschool.fr\/index.php\/agrement-service-a-la-personnes\/\">cliquant ici<\/a><\/p>\n<p>*Pour les personnes arr\u00eatant en milieu d&rsquo;ann\u00e9e, l&rsquo;attestation vous sera donn\u00e9e au moment du dernier cours pris ensemble.<\/p>\n<\/div><\/div><div class=\"accordion-tab\" ><h4 class=\"accordion-title\" ><i class=\"fa fa-plus icon-plus\" ><\/i><span><b>au cours par cours<\/b><\/span><\/h4><div class=\"accordion-content\"><ul>\n<li>Vous ne payez que les cours que vous avez pris<\/li>\n<li>Aucun frais suppl\u00e9mentaire ne vous sera demand\u00e9 pour les cours<\/li>\n<li>Le r\u00e8glement des cours se fait avant la fin de chaque mois mais apr\u00e8s le dernier cours de celui-ci<br \/>\n<\/div><\/div><\/div><\/div>\n<hr \/>\n<h3>Horaires :<\/h3>\n<table class=\"style-1\" style=\"height: 317px;\" width=\"696\">\n<tbody>\n<tr>\n<th>Lundi<\/th>\n<th>Mardi<\/th>\n<th>Mercredi<\/th>\n<\/tr>\n<tr>\n<td style=\"text-align: center;\"><span style=\"color: #ff0000;\">13h &#8211; r\u00e9serv\u00e9<\/span><\/td>\n<td style=\"text-align: center;\"><span style=\"color: #ff0000;\">13h30 &#8211; r\u00e9serv\u00e9<\/span><\/td>\n<td style=\"text-align: center;\"><span style=\"color: #ff0000;\">13h &#8211; r\u00e9serv\u00e9<\/span><\/td>\n<\/tr>\n<tr>\n<td style=\"text-align: center;\"><strong><span style=\"color: #008000;\">14h &#8211;\u00a0 \u00a0 \u00a0 libre<\/span><\/strong><\/td>\n<td style=\"text-align: center;\"><strong><span style=\"color: #008000;\">14h30 &#8211;\u00a0 \u00a0 \u00a0 libre<\/span><\/strong><\/td>\n<td style=\"text-align: center;\"><span style=\"color: #ff0000;\">14h &#8211; r\u00e9serv\u00e9<\/span><\/td>\n<\/tr>\n<tr>\n<td style=\"text-align: center;\"><strong><span style=\"color: #008000;\">15h &#8211;\u00a0 \u00a0 \u00a0 libre<\/span><\/strong><\/td>\n<td style=\"text-align: center;\"><strong><span style=\"color: #008000;\">15h30 &#8211;\u00a0 \u00a0 \u00a0 libre<\/span><\/strong><\/td>\n<td style=\"text-align: center;\"><span style=\"color: #ff0000;\">15h &#8211; r\u00e9serv\u00e9<\/span><\/td>\n<\/tr>\n<tr>\n<td style=\"text-align: center;\"><strong><span style=\"color: #008000;\">16h &#8211;\u00a0 \u00a0 \u00a0 libre<\/span><\/strong><\/td>\n<td style=\"text-align: center;\"><span style=\"color: #ff0000;\">16h &#8211; r\u00e9serv\u00e9<\/span><\/td>\n<td style=\"text-align: center;\"><span style=\"color: #ff0000;\">16h &#8211; r\u00e9serv\u00e9<\/span><\/td>\n<\/tr>\n<tr>\n<td style=\"text-align: center;\"><span style=\"color: #ff0000;\">17h30 &#8211; r\u00e9serv\u00e9<\/span><\/td>\n<td style=\"text-align: center;\"><span style=\"color: #ff0000;\">17h &#8211; r\u00e9serv\u00e9<\/span><\/td>\n<td style=\"text-align: center;\"><span style=\"color: #ff0000;\">17h &#8211; r\u00e9serv\u00e9<\/span><\/td>\n<\/tr>\n<tr>\n<td style=\"text-align: center;\"><span style=\"color: #ff0000;\">18h30 &#8211; r\u00e9serv\u00e9<\/span><\/td>\n<td style=\"text-align: center;\"><span style=\"color: #ff0000;\">18h &#8211; r\u00e9serv\u00e9<\/span><\/td>\n<td style=\"text-align: center;\"><span style=\"color: #ff0000;\">18h &#8211; r\u00e9serv\u00e9<\/span><\/td>\n<\/tr>\n<tr>\n<td style=\"text-align: center;\"><span style=\"color: #ff0000;\">19h30 &#8211; r\u00e9serv\u00e9<\/span><\/td>\n<td style=\"text-align: center;\"><span style=\"color: #ff0000;\">19h &#8211; r\u00e9serv\u00e9<\/span><\/td>\n<td style=\"text-align: center;\"><span style=\"color: #ff0000;\">19h &#8211; r\u00e9serv\u00e9<\/span><\/td>\n<\/tr>\n<\/tbody>\n<\/table>\n<hr \/>\n<hr \/>\n<p style=\"text-align: center;\">Si vous \u00eates int\u00e9ress\u00e9.e par mes cours ou si vous avez une question <strong>n&rsquo;h\u00e9sitez pas \u00e0 me contacter par <a href=\"http:\/\/rembatschool.fr\/index.php\/contact\/\">mail ou t\u00e9l\u00e9phone<\/a><\/strong>, vous pouvez aussi utiliser directement le formulaire d&rsquo;inscription pour demander un cr\u00e9neau !<\/p>\n<p style=\"text-align: center;\">\n<a class=\"gdlr-button medium with-border\" href=\"http:\/\/rembatschool.fr\/index.php\/343-2\/\" target=\"_self\"  style=\"color:#ffffff; background-color:#72d5cd; border-color:#ffffff; \"  >Inscrivez vous !<\/a>\n<\/p>\n<p>\u00a0<code><\/code><\/p>\n","protected":false},"excerpt":{"rendered":"<p>\u00c9tant\u00a0agr\u00e9ment\u00e9 service \u00e0 la personne pour mes cours de guitare \u00e0 domicile, tous mes cours b\u00e9n\u00e9ficient d&rsquo;une d\u00e9duction ou d&rsquo;un cr\u00e9dit d\u2019imp\u00f4t de 50%. Pour tout savoir sur cet agr\u00e9ment cliquez ici. Deux formules sont possibles : Cours sur l&rsquo;ann\u00e9e cours ponctuel 67.5\u20ac \/ mois au rythme d&rsquo;un\u00a0 cours parsemaine hors vacances scolaires pour un&#8230; <\/p>\n<div class=\"clear\"><\/div>\n<p><a href=\"https:\/\/rembatschool.fr\/index.php\/tarifs\/\" class=\"gdlr-button with-border excerpt-read-more\">Read More<\/a><\/p>\n","protected":false},"author":1,"featured_media":0,"parent":0,"menu_order":0,"comment_status":"closed","ping_status":"closed","template":"","meta":{"footnotes":""},"class_list":["post-69","page","type-page","status-publish","hentry"],"yoast_head":"<!-- This site is optimized with the Yoast SEO plugin v27.3 - https:\/\/yoast.com\/product\/yoast-seo-wordpress\/ -->\n<title>Tarifs et Horaires - Cours de guitare sur mesure \u00e0 Nantes<\/title>\n<meta name=\"description\" content=\"\u00c9tant agr\u00e9ment\u00e9 service \u00e0 la personne pour mes cours de guitare \u00e0 domicile, tous mes cours b\u00e9n\u00e9ficient d&#039;une d\u00e9duction ou d&#039;un cr\u00e9dit d\u2019imp\u00f4t de 50%.\" \/>\n<meta name=\"robots\" content=\"index, follow, max-snippet:-1, max-image-preview:large, max-video-preview:-1\" \/>\n<link rel=\"canonical\" href=\"https:\/\/rembatschool.fr\/index.php\/tarifs\/\" \/>\n<meta property=\"og:locale\" content=\"fr_FR\" \/>\n<meta property=\"og:type\" content=\"article\" \/>\n<meta property=\"og:title\" content=\"Tarifs et Horaires - Cours de guitare sur mesure \u00e0 Nantes\" \/>\n<meta property=\"og:description\" content=\"\u00c9tant agr\u00e9ment\u00e9 service \u00e0 la personne pour mes cours de guitare \u00e0 domicile, tous mes cours b\u00e9n\u00e9ficient d&#039;une d\u00e9duction ou d&#039;un cr\u00e9dit d\u2019imp\u00f4t de 50%.\" \/>\n<meta property=\"og:url\" content=\"https:\/\/rembatschool.fr\/index.php\/tarifs\/\" \/>\n<meta property=\"og:site_name\" content=\"Cours de guitare rock nantes\" \/>\n<meta property=\"article:publisher\" content=\"https:\/\/www.facebook.com\/rembatschool\/\" \/>\n<meta property=\"article:modified_time\" content=\"2026-01-19T09:35:58+00:00\" \/>\n<meta property=\"og:image\" content=\"https:\/\/rembatschool.fr\/wp-content\/uploads\/2016\/06\/cropped-SITE-LOGO-1.png\" \/>\n\t<meta property=\"og:image:width\" content=\"512\" \/>\n\t<meta property=\"og:image:height\" content=\"512\" \/>\n\t<meta property=\"og:image:type\" content=\"image\/png\" \/>\n<meta name=\"twitter:card\" content=\"summary_large_image\" \/>\n<meta name=\"twitter:label1\" content=\"Dur\u00e9e de lecture estim\u00e9e\" \/>\n\t<meta name=\"twitter:data1\" content=\"3 minutes\" \/>\n<script type=\"application\/ld+json\" class=\"yoast-schema-graph\">{\"@context\":\"https:\\\/\\\/schema.org\",\"@graph\":[{\"@type\":\"WebPage\",\"@id\":\"https:\\\/\\\/rembatschool.fr\\\/index.php\\\/tarifs\\\/\",\"url\":\"https:\\\/\\\/rembatschool.fr\\\/index.php\\\/tarifs\\\/\",\"name\":\"Tarifs et Horaires - Cours de guitare sur mesure \u00e0 Nantes\",\"isPartOf\":{\"@id\":\"https:\\\/\\\/rembatschool.fr\\\/#website\"},\"datePublished\":\"2016-06-08T16:13:18+00:00\",\"dateModified\":\"2026-01-19T09:35:58+00:00\",\"description\":\"\u00c9tant agr\u00e9ment\u00e9 service \u00e0 la personne pour mes cours de guitare \u00e0 domicile, tous mes cours b\u00e9n\u00e9ficient d'une d\u00e9duction ou d'un cr\u00e9dit d\u2019imp\u00f4t de 50%.\",\"breadcrumb\":{\"@id\":\"https:\\\/\\\/rembatschool.fr\\\/index.php\\\/tarifs\\\/#breadcrumb\"},\"inLanguage\":\"fr-FR\",\"potentialAction\":[{\"@type\":\"ReadAction\",\"target\":[\"https:\\\/\\\/rembatschool.fr\\\/index.php\\\/tarifs\\\/\"]}]},{\"@type\":\"BreadcrumbList\",\"@id\":\"https:\\\/\\\/rembatschool.fr\\\/index.php\\\/tarifs\\\/#breadcrumb\",\"itemListElement\":[{\"@type\":\"ListItem\",\"position\":1,\"name\":\"Accueil\",\"item\":\"https:\\\/\\\/rembatschool.fr\\\/\"},{\"@type\":\"ListItem\",\"position\":2,\"name\":\"Tarifs et Horaires\"}]},{\"@type\":\"WebSite\",\"@id\":\"https:\\\/\\\/rembatschool.fr\\\/#website\",\"url\":\"https:\\\/\\\/rembatschool.fr\\\/\",\"name\":\"Cours de guitare rock nantes\",\"description\":\"des cours de guitare rock et m\u00e9tal \u00e0 domicile\",\"publisher\":{\"@id\":\"https:\\\/\\\/rembatschool.fr\\\/#organization\"},\"alternateName\":\"un prof dipl\u00f4m\u00e9 de la M.A.I.\",\"potentialAction\":[{\"@type\":\"SearchAction\",\"target\":{\"@type\":\"EntryPoint\",\"urlTemplate\":\"https:\\\/\\\/rembatschool.fr\\\/?s={search_term_string}\"},\"query-input\":{\"@type\":\"PropertyValueSpecification\",\"valueRequired\":true,\"valueName\":\"search_term_string\"}}],\"inLanguage\":\"fr-FR\"},{\"@type\":\"Organization\",\"@id\":\"https:\\\/\\\/rembatschool.fr\\\/#organization\",\"name\":\"rembatschool\",\"alternateName\":\"rembat\",\"url\":\"https:\\\/\\\/rembatschool.fr\\\/\",\"logo\":{\"@type\":\"ImageObject\",\"inLanguage\":\"fr-FR\",\"@id\":\"https:\\\/\\\/rembatschool.fr\\\/#\\\/schema\\\/logo\\\/image\\\/\",\"url\":\"https:\\\/\\\/rembatschool.fr\\\/wp-content\\\/uploads\\\/2016\\\/06\\\/cropped-SITE-LOGO-1.png\",\"contentUrl\":\"https:\\\/\\\/rembatschool.fr\\\/wp-content\\\/uploads\\\/2016\\\/06\\\/cropped-SITE-LOGO-1.png\",\"width\":512,\"height\":512,\"caption\":\"rembatschool\"},\"image\":{\"@id\":\"https:\\\/\\\/rembatschool.fr\\\/#\\\/schema\\\/logo\\\/image\\\/\"},\"sameAs\":[\"https:\\\/\\\/www.facebook.com\\\/rembatschool\\\/\",\"https:\\\/\\\/www.youtube.com\\\/@rembat9605\"]}]}<\/script>\n<!-- \/ Yoast SEO plugin. -->","yoast_head_json":{"title":"Tarifs et Horaires - Cours de guitare sur mesure \u00e0 Nantes","description":"\u00c9tant agr\u00e9ment\u00e9 service \u00e0 la personne pour mes cours de guitare \u00e0 domicile, tous mes cours b\u00e9n\u00e9ficient d'une d\u00e9duction ou d'un cr\u00e9dit d\u2019imp\u00f4t de 50%.","robots":{"index":"index","follow":"follow","max-snippet":"max-snippet:-1","max-image-preview":"max-image-preview:large","max-video-preview":"max-video-preview:-1"},"canonical":"https:\/\/rembatschool.fr\/index.php\/tarifs\/","og_locale":"fr_FR","og_type":"article","og_title":"Tarifs et Horaires - Cours de guitare sur mesure \u00e0 Nantes","og_description":"\u00c9tant agr\u00e9ment\u00e9 service \u00e0 la personne pour mes cours de guitare \u00e0 domicile, tous mes cours b\u00e9n\u00e9ficient d'une d\u00e9duction ou d'un cr\u00e9dit d\u2019imp\u00f4t de 50%.","og_url":"https:\/\/rembatschool.fr\/index.php\/tarifs\/","og_site_name":"Cours de guitare rock nantes","article_publisher":"https:\/\/www.facebook.com\/rembatschool\/","article_modified_time":"2026-01-19T09:35:58+00:00","og_image":[{"width":512,"height":512,"url":"https:\/\/rembatschool.fr\/wp-content\/uploads\/2016\/06\/cropped-SITE-LOGO-1.png","type":"image\/png"}],"twitter_card":"summary_large_image","twitter_misc":{"Dur\u00e9e de lecture estim\u00e9e":"3 minutes"},"schema":{"@context":"https:\/\/schema.org","@graph":[{"@type":"WebPage","@id":"https:\/\/rembatschool.fr\/index.php\/tarifs\/","url":"https:\/\/rembatschool.fr\/index.php\/tarifs\/","name":"Tarifs et Horaires - Cours de guitare sur mesure \u00e0 Nantes","isPartOf":{"@id":"https:\/\/rembatschool.fr\/#website"},"datePublished":"2016-06-08T16:13:18+00:00","dateModified":"2026-01-19T09:35:58+00:00","description":"\u00c9tant agr\u00e9ment\u00e9 service \u00e0 la personne pour mes cours de guitare \u00e0 domicile, tous mes cours b\u00e9n\u00e9ficient d'une d\u00e9duction ou d'un cr\u00e9dit d\u2019imp\u00f4t de 50%.","breadcrumb":{"@id":"https:\/\/rembatschool.fr\/index.php\/tarifs\/#breadcrumb"},"inLanguage":"fr-FR","potentialAction":[{"@type":"ReadAction","target":["https:\/\/rembatschool.fr\/index.php\/tarifs\/"]}]},{"@type":"BreadcrumbList","@id":"https:\/\/rembatschool.fr\/index.php\/tarifs\/#breadcrumb","itemListElement":[{"@type":"ListItem","position":1,"name":"Accueil","item":"https:\/\/rembatschool.fr\/"},{"@type":"ListItem","position":2,"name":"Tarifs et Horaires"}]},{"@type":"WebSite","@id":"https:\/\/rembatschool.fr\/#website","url":"https:\/\/rembatschool.fr\/","name":"Cours de guitare rock nantes","description":"des cours de guitare rock et m\u00e9tal \u00e0 domicile","publisher":{"@id":"https:\/\/rembatschool.fr\/#organization"},"alternateName":"un prof dipl\u00f4m\u00e9 de la M.A.I.","potentialAction":[{"@type":"SearchAction","target":{"@type":"EntryPoint","urlTemplate":"https:\/\/rembatschool.fr\/?s={search_term_string}"},"query-input":{"@type":"PropertyValueSpecification","valueRequired":true,"valueName":"search_term_string"}}],"inLanguage":"fr-FR"},{"@type":"Organization","@id":"https:\/\/rembatschool.fr\/#organization","name":"rembatschool","alternateName":"rembat","url":"https:\/\/rembatschool.fr\/","logo":{"@type":"ImageObject","inLanguage":"fr-FR","@id":"https:\/\/rembatschool.fr\/#\/schema\/logo\/image\/","url":"https:\/\/rembatschool.fr\/wp-content\/uploads\/2016\/06\/cropped-SITE-LOGO-1.png","contentUrl":"https:\/\/rembatschool.fr\/wp-content\/uploads\/2016\/06\/cropped-SITE-LOGO-1.png","width":512,"height":512,"caption":"rembatschool"},"image":{"@id":"https:\/\/rembatschool.fr\/#\/schema\/logo\/image\/"},"sameAs":["https:\/\/www.facebook.com\/rembatschool\/","https:\/\/www.youtube.com\/@rembat9605"]}]}},"_links":{"self":[{"href":"https:\/\/rembatschool.fr\/index.php\/wp-json\/wp\/v2\/pages\/69","targetHints":{"allow":["GET"]}}],"collection":[{"href":"https:\/\/rembatschool.fr\/index.php\/wp-json\/wp\/v2\/pages"}],"about":[{"href":"https:\/\/rembatschool.fr\/index.php\/wp-json\/wp\/v2\/types\/page"}],"author":[{"embeddable":true,"href":"https:\/\/rembatschool.fr\/index.php\/wp-json\/wp\/v2\/users\/1"}],"replies":[{"embeddable":true,"href":"https:\/\/rembatschool.fr\/index.php\/wp-json\/wp\/v2\/comments?post=69"}],"version-history":[{"count":10,"href":"https:\/\/rembatschool.fr\/index.php\/wp-json\/wp\/v2\/pages\/69\/revisions"}],"predecessor-version":[{"id":1315,"href":"https:\/\/rembatschool.fr\/index.php\/wp-json\/wp\/v2\/pages\/69\/revisions\/1315"}],"wp:attachment":[{"href":"https:\/\/rembatschool.fr\/index.php\/wp-json\/wp\/v2\/media?parent=69"}],"curies":[{"name":"wp","href":"https:\/\/api.w.org\/{rel}","templated":true}]}}