{"id":545,"date":"2016-08-02T18:10:20","date_gmt":"2016-08-02T17:10:20","guid":{"rendered":"http:\/\/rembatschool.fr\/?page_id=545"},"modified":"2016-08-19T13:07:15","modified_gmt":"2016-08-19T12:07:15","slug":"mention-legale","status":"publish","type":"page","link":"https:\/\/rembatschool.fr\/index.php\/mention-legale\/","title":{"rendered":"Mentions L\u00e9gales"},"content":{"rendered":"<h3>Statut juridique<\/h3>\n<p>Auto-entreprise d\u00e9clar\u00e9e et r\u00e9f\u00e9renc\u00e9e par l&rsquo;URSSAF des Deux-S\u00e8vres (79)<\/p>\n<ul>\n<li>Num\u00e9ro SIRET : 813 264 926 00011<\/li>\n<li>Code A.P.E. : 8552Z Enseignement culturel<\/li>\n<li>D\u00e9but de prise d&rsquo;activit\u00e9 : 02\/09\/2015<\/li>\n<\/ul>\n<p>La Rem bat School est agr\u00e9\u00e9e aupr\u00e8s de <strong>l&rsquo;Agence Nationale des Services \u00e0 la Personne (ANSP).<\/strong><\/p>\n<p>Agr\u00e9ment obtenu aupr\u00e8s de la DIRECCTE des Deux-S\u00e8vres le 03\/08\/2016<br \/>\nN\u00b0 de d\u00e9claration pr\u00e9fectorale : SAP\/813264926<\/p>\n<p>&nbsp;<\/p>\n<hr \/>\n<h3><\/h3>\n<h3>H\u00e9bergement :<\/h3>\n<p>Site r\u00e9alis\u00e9 avec WordPress, Conception visuelle et textes par R\u00e9mi Baty. Correction par Herv\u00e9 Baty et Val\u00e9rie Clavi\u00e9.<\/p>\n<p>Site H\u00e9berg\u00e9 par la soci\u00e9t\u00e9 OVH<br \/>\nSAS au capital de 10 000 000 \u20ac RCS Roubaix \u2013 Tourcoing 424 761 419 00045<br \/>\nCode APE 6202A &#8211; N\u00b0 TVA : FR 22 424 761 419<br \/>\nSi\u00e8ge social : 2 rue Kellermann 59100 Roubaix &#8211; France.<\/p>\n<p>&nbsp;<\/p>\n<hr \/>\n<p style=\"text-align: center;\"><strong>L&rsquo;ensemble de ce site rel\u00e8ve des l\u00e9gislations fran\u00e7aises et internationales sur le droit d&rsquo;auteur et la propri\u00e9t\u00e9 intellectuelle.<\/strong><br \/>\n<strong> Tous les droits de reproduction sont r\u00e9serv\u00e9s, y compris pour les documents iconographiques et photographiques.<\/strong><\/p>\n","protected":false},"excerpt":{"rendered":"<p>Statut juridique Auto-entreprise d\u00e9clar\u00e9e et r\u00e9f\u00e9renc\u00e9e par l&rsquo;URSSAF des Deux-S\u00e8vres (79) Num\u00e9ro SIRET : 813 264 926 00011 Code A.P.E. : 8552Z Enseignement culturel D\u00e9but de prise d&rsquo;activit\u00e9 : 02\/09\/2015 La Rem bat School est agr\u00e9\u00e9e aupr\u00e8s de l&rsquo;Agence Nationale des Services \u00e0 la Personne (ANSP). Agr\u00e9ment obtenu aupr\u00e8s de la DIRECCTE des Deux-S\u00e8vres le&#8230; <\/p>\n<div class=\"clear\"><\/div>\n<p><a href=\"https:\/\/rembatschool.fr\/index.php\/mention-legale\/\" class=\"gdlr-button with-border excerpt-read-more\">Read More<\/a><\/p>\n","protected":false},"author":1,"featured_media":0,"parent":0,"menu_order":0,"comment_status":"closed","ping_status":"closed","template":"","meta":{"footnotes":""},"class_list":["post-545","page","type-page","status-publish","hentry"],"yoast_head":"<!-- This site is optimized with the Yoast SEO plugin v27.3 - https:\/\/yoast.com\/product\/yoast-seo-wordpress\/ -->\n<title>Mentions L\u00e9gales - Cours de guitare rock nantes<\/title>\n<meta name=\"robots\" content=\"index, follow, max-snippet:-1, max-image-preview:large, max-video-preview:-1\" \/>\n<link rel=\"canonical\" href=\"https:\/\/rembatschool.fr\/index.php\/mention-legale\/\" \/>\n<meta property=\"og:locale\" content=\"fr_FR\" \/>\n<meta property=\"og:type\" content=\"article\" \/>\n<meta property=\"og:title\" content=\"Mentions L\u00e9gales - Cours de guitare rock nantes\" \/>\n<meta property=\"og:description\" content=\"Statut juridique Auto-entreprise d\u00e9clar\u00e9e et r\u00e9f\u00e9renc\u00e9e par l&rsquo;URSSAF des Deux-S\u00e8vres (79) Num\u00e9ro SIRET : 813 264 926 00011 Code A.P.E. : 8552Z Enseignement culturel D\u00e9but de prise d&rsquo;activit\u00e9 : 02\/09\/2015 La Rem bat School est agr\u00e9\u00e9e aupr\u00e8s de l&rsquo;Agence Nationale des Services \u00e0 la Personne (ANSP). Agr\u00e9ment obtenu aupr\u00e8s de la DIRECCTE des Deux-S\u00e8vres le... Read More\" \/>\n<meta property=\"og:url\" content=\"https:\/\/rembatschool.fr\/index.php\/mention-legale\/\" \/>\n<meta property=\"og:site_name\" content=\"Cours de guitare rock nantes\" \/>\n<meta property=\"article:publisher\" content=\"https:\/\/www.facebook.com\/rembatschool\/\" \/>\n<meta property=\"article:modified_time\" content=\"2016-08-19T12:07:15+00:00\" \/>\n<meta property=\"og:image\" content=\"https:\/\/rembatschool.fr\/wp-content\/uploads\/2016\/06\/cropped-SITE-LOGO-1.png\" \/>\n\t<meta property=\"og:image:width\" content=\"512\" \/>\n\t<meta property=\"og:image:height\" content=\"512\" \/>\n\t<meta property=\"og:image:type\" content=\"image\/png\" \/>\n<meta name=\"twitter:card\" content=\"summary_large_image\" \/>\n<meta name=\"twitter:label1\" content=\"Dur\u00e9e de lecture estim\u00e9e\" \/>\n\t<meta name=\"twitter:data1\" content=\"1 minute\" \/>\n<script type=\"application\/ld+json\" class=\"yoast-schema-graph\">{\"@context\":\"https:\\\/\\\/schema.org\",\"@graph\":[{\"@type\":\"WebPage\",\"@id\":\"https:\\\/\\\/rembatschool.fr\\\/index.php\\\/mention-legale\\\/\",\"url\":\"https:\\\/\\\/rembatschool.fr\\\/index.php\\\/mention-legale\\\/\",\"name\":\"Mentions L\u00e9gales - Cours de guitare rock nantes\",\"isPartOf\":{\"@id\":\"https:\\\/\\\/rembatschool.fr\\\/#website\"},\"datePublished\":\"2016-08-02T17:10:20+00:00\",\"dateModified\":\"2016-08-19T12:07:15+00:00\",\"breadcrumb\":{\"@id\":\"https:\\\/\\\/rembatschool.fr\\\/index.php\\\/mention-legale\\\/#breadcrumb\"},\"inLanguage\":\"fr-FR\",\"potentialAction\":[{\"@type\":\"ReadAction\",\"target\":[\"https:\\\/\\\/rembatschool.fr\\\/index.php\\\/mention-legale\\\/\"]}]},{\"@type\":\"BreadcrumbList\",\"@id\":\"https:\\\/\\\/rembatschool.fr\\\/index.php\\\/mention-legale\\\/#breadcrumb\",\"itemListElement\":[{\"@type\":\"ListItem\",\"position\":1,\"name\":\"Accueil\",\"item\":\"https:\\\/\\\/rembatschool.fr\\\/\"},{\"@type\":\"ListItem\",\"position\":2,\"name\":\"Mentions L\u00e9gales\"}]},{\"@type\":\"WebSite\",\"@id\":\"https:\\\/\\\/rembatschool.fr\\\/#website\",\"url\":\"https:\\\/\\\/rembatschool.fr\\\/\",\"name\":\"Cours de guitare rock nantes\",\"description\":\"des cours de guitare rock et m\u00e9tal \u00e0 domicile\",\"publisher\":{\"@id\":\"https:\\\/\\\/rembatschool.fr\\\/#organization\"},\"alternateName\":\"un prof dipl\u00f4m\u00e9 de la M.A.I.\",\"potentialAction\":[{\"@type\":\"SearchAction\",\"target\":{\"@type\":\"EntryPoint\",\"urlTemplate\":\"https:\\\/\\\/rembatschool.fr\\\/?s={search_term_string}\"},\"query-input\":{\"@type\":\"PropertyValueSpecification\",\"valueRequired\":true,\"valueName\":\"search_term_string\"}}],\"inLanguage\":\"fr-FR\"},{\"@type\":\"Organization\",\"@id\":\"https:\\\/\\\/rembatschool.fr\\\/#organization\",\"name\":\"rembatschool\",\"alternateName\":\"rembat\",\"url\":\"https:\\\/\\\/rembatschool.fr\\\/\",\"logo\":{\"@type\":\"ImageObject\",\"inLanguage\":\"fr-FR\",\"@id\":\"https:\\\/\\\/rembatschool.fr\\\/#\\\/schema\\\/logo\\\/image\\\/\",\"url\":\"https:\\\/\\\/rembatschool.fr\\\/wp-content\\\/uploads\\\/2016\\\/06\\\/cropped-SITE-LOGO-1.png\",\"contentUrl\":\"https:\\\/\\\/rembatschool.fr\\\/wp-content\\\/uploads\\\/2016\\\/06\\\/cropped-SITE-LOGO-1.png\",\"width\":512,\"height\":512,\"caption\":\"rembatschool\"},\"image\":{\"@id\":\"https:\\\/\\\/rembatschool.fr\\\/#\\\/schema\\\/logo\\\/image\\\/\"},\"sameAs\":[\"https:\\\/\\\/www.facebook.com\\\/rembatschool\\\/\",\"https:\\\/\\\/www.youtube.com\\\/@rembat9605\"]}]}<\/script>\n<!-- \/ Yoast SEO plugin. -->","yoast_head_json":{"title":"Mentions L\u00e9gales - Cours de guitare rock nantes","robots":{"index":"index","follow":"follow","max-snippet":"max-snippet:-1","max-image-preview":"max-image-preview:large","max-video-preview":"max-video-preview:-1"},"canonical":"https:\/\/rembatschool.fr\/index.php\/mention-legale\/","og_locale":"fr_FR","og_type":"article","og_title":"Mentions L\u00e9gales - Cours de guitare rock nantes","og_description":"Statut juridique Auto-entreprise d\u00e9clar\u00e9e et r\u00e9f\u00e9renc\u00e9e par l&rsquo;URSSAF des Deux-S\u00e8vres (79) Num\u00e9ro SIRET : 813 264 926 00011 Code A.P.E. : 8552Z Enseignement culturel D\u00e9but de prise d&rsquo;activit\u00e9 : 02\/09\/2015 La Rem bat School est agr\u00e9\u00e9e aupr\u00e8s de l&rsquo;Agence Nationale des Services \u00e0 la Personne (ANSP). Agr\u00e9ment obtenu aupr\u00e8s de la DIRECCTE des Deux-S\u00e8vres le... Read More","og_url":"https:\/\/rembatschool.fr\/index.php\/mention-legale\/","og_site_name":"Cours de guitare rock nantes","article_publisher":"https:\/\/www.facebook.com\/rembatschool\/","article_modified_time":"2016-08-19T12:07:15+00:00","og_image":[{"width":512,"height":512,"url":"https:\/\/rembatschool.fr\/wp-content\/uploads\/2016\/06\/cropped-SITE-LOGO-1.png","type":"image\/png"}],"twitter_card":"summary_large_image","twitter_misc":{"Dur\u00e9e de lecture estim\u00e9e":"1 minute"},"schema":{"@context":"https:\/\/schema.org","@graph":[{"@type":"WebPage","@id":"https:\/\/rembatschool.fr\/index.php\/mention-legale\/","url":"https:\/\/rembatschool.fr\/index.php\/mention-legale\/","name":"Mentions L\u00e9gales - Cours de guitare rock nantes","isPartOf":{"@id":"https:\/\/rembatschool.fr\/#website"},"datePublished":"2016-08-02T17:10:20+00:00","dateModified":"2016-08-19T12:07:15+00:00","breadcrumb":{"@id":"https:\/\/rembatschool.fr\/index.php\/mention-legale\/#breadcrumb"},"inLanguage":"fr-FR","potentialAction":[{"@type":"ReadAction","target":["https:\/\/rembatschool.fr\/index.php\/mention-legale\/"]}]},{"@type":"BreadcrumbList","@id":"https:\/\/rembatschool.fr\/index.php\/mention-legale\/#breadcrumb","itemListElement":[{"@type":"ListItem","position":1,"name":"Accueil","item":"https:\/\/rembatschool.fr\/"},{"@type":"ListItem","position":2,"name":"Mentions L\u00e9gales"}]},{"@type":"WebSite","@id":"https:\/\/rembatschool.fr\/#website","url":"https:\/\/rembatschool.fr\/","name":"Cours de guitare rock nantes","description":"des cours de guitare rock et m\u00e9tal \u00e0 domicile","publisher":{"@id":"https:\/\/rembatschool.fr\/#organization"},"alternateName":"un prof dipl\u00f4m\u00e9 de la M.A.I.","potentialAction":[{"@type":"SearchAction","target":{"@type":"EntryPoint","urlTemplate":"https:\/\/rembatschool.fr\/?s={search_term_string}"},"query-input":{"@type":"PropertyValueSpecification","valueRequired":true,"valueName":"search_term_string"}}],"inLanguage":"fr-FR"},{"@type":"Organization","@id":"https:\/\/rembatschool.fr\/#organization","name":"rembatschool","alternateName":"rembat","url":"https:\/\/rembatschool.fr\/","logo":{"@type":"ImageObject","inLanguage":"fr-FR","@id":"https:\/\/rembatschool.fr\/#\/schema\/logo\/image\/","url":"https:\/\/rembatschool.fr\/wp-content\/uploads\/2016\/06\/cropped-SITE-LOGO-1.png","contentUrl":"https:\/\/rembatschool.fr\/wp-content\/uploads\/2016\/06\/cropped-SITE-LOGO-1.png","width":512,"height":512,"caption":"rembatschool"},"image":{"@id":"https:\/\/rembatschool.fr\/#\/schema\/logo\/image\/"},"sameAs":["https:\/\/www.facebook.com\/rembatschool\/","https:\/\/www.youtube.com\/@rembat9605"]}]}},"_links":{"self":[{"href":"https:\/\/rembatschool.fr\/index.php\/wp-json\/wp\/v2\/pages\/545","targetHints":{"allow":["GET"]}}],"collection":[{"href":"https:\/\/rembatschool.fr\/index.php\/wp-json\/wp\/v2\/pages"}],"about":[{"href":"https:\/\/rembatschool.fr\/index.php\/wp-json\/wp\/v2\/types\/page"}],"author":[{"embeddable":true,"href":"https:\/\/rembatschool.fr\/index.php\/wp-json\/wp\/v2\/users\/1"}],"replies":[{"embeddable":true,"href":"https:\/\/rembatschool.fr\/index.php\/wp-json\/wp\/v2\/comments?post=545"}],"version-history":[{"count":10,"href":"https:\/\/rembatschool.fr\/index.php\/wp-json\/wp\/v2\/pages\/545\/revisions"}],"predecessor-version":[{"id":749,"href":"https:\/\/rembatschool.fr\/index.php\/wp-json\/wp\/v2\/pages\/545\/revisions\/749"}],"wp:attachment":[{"href":"https:\/\/rembatschool.fr\/index.php\/wp-json\/wp\/v2\/media?parent=545"}],"curies":[{"name":"wp","href":"https:\/\/api.w.org\/{rel}","templated":true}]}}