{"id":465,"date":"2016-08-02T14:22:00","date_gmt":"2016-08-02T13:22:00","guid":{"rendered":"http:\/\/rembatschool.fr\/?page_id=465"},"modified":"2023-07-28T15:50:19","modified_gmt":"2023-07-28T14:50:19","slug":"agrement-service-a-la-personnes","status":"publish","type":"page","link":"https:\/\/rembatschool.fr\/index.php\/agrement-service-a-la-personnes\/","title":{"rendered":"Agr\u00e9ment service \u00e0 la personne"},"content":{"rendered":"<h3>Si quelqu\u2019un vient travailler chez moi, ai-je droit \u00e0 une r\u00e9duction d\u2019imp\u00f4ts ?<\/h3>\n<p>Pour b\u00e9n\u00e9ficier d\u2019une r\u00e9duction ou d&rsquo;un cr\u00e9dit d\u2019imp\u00f4t lors de d\u00e9penses, certaines conditions doivent \u00eatre remplies, d&rsquo;o\u00f9 la n\u00e9cessit\u00e9 pour moi de cette page. Malgr\u00e9 tout si <strong>un doute persiste apr\u00e8s sa lecture\u00a0<a href=\"http:\/\/rembatschool.fr\/index.php\/contact\/\">n&rsquo;h\u00e9sitez pas \u00e0 me contacter<\/a>.<\/strong><\/p>\n<h3><strong>Cr\u00e9dit ou r\u00e9duction d&rsquo;imp\u00f4ts ?<\/strong><\/h3>\n<p>Vous b\u00e9n\u00e9ficiez\u00a0:<\/p>\n<div class=\"gdlr-shortcode-wrapper\"><div class=\"gdlr-item gdlr-accordion-item style-1\"  ><div class=\"accordion-tab active pre-active\" ><h4 class=\"accordion-title\" ><i class=\"fa fa-minus icon-minus\" ><\/i><span>D'un cr\u00e9dit d'imp\u00f4t<\/span><\/h4><div class=\"accordion-content\"><ul>\n<li>Si vous exercez une activit\u00e9 professionnelle ou \u00eates inscrit comme demandeur d&#8217;emploi pendant au moins 3 mois au cours de l&rsquo;ann\u00e9e de paiement des d\u00e9penses.<\/li>\n<li>Si vous \u00eates mari\u00e9s ou pacs\u00e9s, les conditions doivent \u00eatre remplies par les deux membres du foyer fiscal.<\/li>\n<li>Si le montant du cr\u00e9dit d\u2019imp\u00f4t exc\u00e8de l\u2019imp\u00f4t \u00e0 payer, la diff\u00e9rence vous sera rembours\u00e9e.<\/li>\n<\/ul>\n<p>Vous indiquerez dans ces conditions, le montant des d\u00e9penses concern\u00e9es dans la case 7DB de la d\u00e9claration des revenus.<\/p>\n<\/div><\/div><div class=\"accordion-tab\" ><h4 class=\"accordion-title\" ><i class=\"fa fa-plus icon-plus\" ><\/i><span>D'une r\u00e9duction d'imp\u00f4t<\/span><\/h4><div class=\"accordion-content\"><ul>\n<li>Si vous ne remplissez pas les conditions \u00e9nonc\u00e9es ci-dessus c&rsquo;est que vous pouvez b\u00e9n\u00e9ficier d&rsquo;une r\u00e9duction d&rsquo;imp\u00f4ts.<\/li>\n<li>La r\u00e9duction d\u2019imp\u00f4ts viendra diminuer l\u2019imp\u00f4t \u00e0 payer jusqu\u2019\u00e0 le rendre nul. En revanche elle ne pourra pas aboutir \u00e0 une restitution.<\/li>\n<\/ul>\n<p>Vous indiquerez dans ces conditions, le montant des d\u00e9penses \u00e9ligibles dans les cases 7 DF ou 7 DD .<\/p>\n<\/div><\/div><\/div><\/div>\n<h3><strong>Dans tous les cas :<\/strong><\/h3>\n<p>Les d\u00e9penses sont retenues dans la limite de 12 000 euros, \u00e9ventuellement major\u00e9es sous certaines conditions\u00a0 (chaque enfant \u00e0 charge augmente ce plafond de 1 500 \u20ac) sans toutefois que ces majorations puissent porter le plafond au-del\u00e0 de 15 000 euros.<\/p>\n<p>Ce plafond de d\u00e9penses retenues est port\u00e9 de 12 000 \u20ac \u00e0 15 000 \u20ac (major\u00e9 de 1 500 \u20ac par personne \u00e0 charge sans exc\u00e9der le total 18 000 \u20ac de d\u00e9penses) si vous employez pour la premi\u00e8re fois un salari\u00e9.(case 7DQ de la d\u00e9claration des revenus)<\/p>\n<p>Les d\u00e9penses sont retenues dans la limite de 20 000 \u20ac,\u00a0 par exemple lorsque l&rsquo;un des membres du foyer fiscal est titulaire d&rsquo;une carte d&rsquo;invalidit\u00e9 d&rsquo;au moins 80 % (case 7DG de la d\u00e9claration de revenus )(pr\u00e9vue par l&rsquo;article L. 241-3 du code de l&rsquo;action sociale et des familles) ou d&rsquo;une pension d&rsquo;invalidit\u00e9 de 3e cat\u00e9gorie ou le compl\u00e9ment d&rsquo;allocation d&rsquo;\u00e9ducation sp\u00e9ciale. <strong>Aucune majoration ne peut \u00eatre appliqu\u00e9e \u00e0 la limite de 20 000 \u20ac<\/strong><\/p>\n<p>De plus, vous ne pouvez d\u00e9clarer que ce que vous payez, si vous b\u00e9n\u00e9ficiez du CESU pr\u00e9-financ\u00e9 ou d&rsquo;aide vers\u00e9s par votre Comit\u00e9 d&rsquo;Entreprise vous ne pourrez avoir de r\u00e9duction que sur les sommes restants finalement \u00e0 votre charge.<\/p>\n<hr \/>\n<p style=\"text-align: center;\"><strong>Malgr\u00e9 tout si un doute persiste apr\u00e8s lecture de cette page, contactez directement les services fiscaux dont vous d\u00e9pendez.<\/strong><\/p>\n","protected":false},"excerpt":{"rendered":"<p>Si quelqu\u2019un vient travailler chez moi, ai-je droit \u00e0 une r\u00e9duction d\u2019imp\u00f4ts ? Pour b\u00e9n\u00e9ficier d\u2019une r\u00e9duction ou d&rsquo;un cr\u00e9dit d\u2019imp\u00f4t lors de d\u00e9penses, certaines conditions doivent \u00eatre remplies, d&rsquo;o\u00f9 la n\u00e9cessit\u00e9 pour moi de cette page. Malgr\u00e9 tout si un doute persiste apr\u00e8s sa lecture\u00a0n&rsquo;h\u00e9sitez pas \u00e0 me contacter. Cr\u00e9dit ou r\u00e9duction d&rsquo;imp\u00f4ts ?&#8230; <\/p>\n<div class=\"clear\"><\/div>\n<p><a href=\"https:\/\/rembatschool.fr\/index.php\/agrement-service-a-la-personnes\/\" class=\"gdlr-button with-border excerpt-read-more\">Read More<\/a><\/p>\n","protected":false},"author":1,"featured_media":0,"parent":0,"menu_order":0,"comment_status":"closed","ping_status":"closed","template":"","meta":{"footnotes":""},"class_list":["post-465","page","type-page","status-publish","hentry"],"yoast_head":"<!-- This site is optimized with the Yoast SEO plugin v27.3 - https:\/\/yoast.com\/product\/yoast-seo-wordpress\/ -->\n<title>Agr\u00e9ment service \u00e0 la personne - Cours de guitare \u00e0 domicile sur Nantes<\/title>\n<meta name=\"description\" content=\"Agr\u00e9ment\u00e9 service \u00e0 la personnes tous mes cours de guitare \u00e0 domicile b\u00e9n\u00e9ficie d&#039;une r\u00e9duction ou d&#039;un cr\u00e9dit d\u2019imp\u00f4t de 50%.\" \/>\n<meta name=\"robots\" content=\"index, follow, max-snippet:-1, max-image-preview:large, max-video-preview:-1\" \/>\n<link rel=\"canonical\" href=\"https:\/\/rembatschool.fr\/index.php\/agrement-service-a-la-personnes\/\" \/>\n<meta property=\"og:locale\" content=\"fr_FR\" \/>\n<meta property=\"og:type\" content=\"article\" \/>\n<meta property=\"og:title\" content=\"Agr\u00e9ment service \u00e0 la personne - Cours de guitare \u00e0 domicile sur Nantes\" \/>\n<meta property=\"og:description\" content=\"Agr\u00e9ment\u00e9 service \u00e0 la personnes tous mes cours de guitare \u00e0 domicile b\u00e9n\u00e9ficie d&#039;une r\u00e9duction ou d&#039;un cr\u00e9dit d\u2019imp\u00f4t de 50%.\" \/>\n<meta property=\"og:url\" content=\"https:\/\/rembatschool.fr\/index.php\/agrement-service-a-la-personnes\/\" \/>\n<meta property=\"og:site_name\" content=\"Cours de guitare rock nantes\" \/>\n<meta property=\"article:publisher\" content=\"https:\/\/www.facebook.com\/rembatschool\/\" \/>\n<meta property=\"article:modified_time\" content=\"2023-07-28T14:50:19+00:00\" \/>\n<meta property=\"og:image\" content=\"https:\/\/rembatschool.fr\/wp-content\/uploads\/2016\/06\/cropped-SITE-LOGO-1.png\" \/>\n\t<meta property=\"og:image:width\" content=\"512\" \/>\n\t<meta property=\"og:image:height\" content=\"512\" \/>\n\t<meta property=\"og:image:type\" content=\"image\/png\" \/>\n<meta name=\"twitter:card\" content=\"summary_large_image\" \/>\n<meta name=\"twitter:label1\" content=\"Dur\u00e9e de lecture estim\u00e9e\" \/>\n\t<meta name=\"twitter:data1\" content=\"3 minutes\" \/>\n<script type=\"application\/ld+json\" class=\"yoast-schema-graph\">{\"@context\":\"https:\\\/\\\/schema.org\",\"@graph\":[{\"@type\":\"WebPage\",\"@id\":\"https:\\\/\\\/rembatschool.fr\\\/index.php\\\/agrement-service-a-la-personnes\\\/\",\"url\":\"https:\\\/\\\/rembatschool.fr\\\/index.php\\\/agrement-service-a-la-personnes\\\/\",\"name\":\"Agr\u00e9ment service \u00e0 la personne - Cours de guitare \u00e0 domicile sur Nantes\",\"isPartOf\":{\"@id\":\"https:\\\/\\\/rembatschool.fr\\\/#website\"},\"datePublished\":\"2016-08-02T13:22:00+00:00\",\"dateModified\":\"2023-07-28T14:50:19+00:00\",\"description\":\"Agr\u00e9ment\u00e9 service \u00e0 la personnes tous mes cours de guitare \u00e0 domicile b\u00e9n\u00e9ficie d'une r\u00e9duction ou d'un cr\u00e9dit d\u2019imp\u00f4t de 50%.\",\"breadcrumb\":{\"@id\":\"https:\\\/\\\/rembatschool.fr\\\/index.php\\\/agrement-service-a-la-personnes\\\/#breadcrumb\"},\"inLanguage\":\"fr-FR\",\"potentialAction\":[{\"@type\":\"ReadAction\",\"target\":[\"https:\\\/\\\/rembatschool.fr\\\/index.php\\\/agrement-service-a-la-personnes\\\/\"]}]},{\"@type\":\"BreadcrumbList\",\"@id\":\"https:\\\/\\\/rembatschool.fr\\\/index.php\\\/agrement-service-a-la-personnes\\\/#breadcrumb\",\"itemListElement\":[{\"@type\":\"ListItem\",\"position\":1,\"name\":\"Accueil\",\"item\":\"https:\\\/\\\/rembatschool.fr\\\/\"},{\"@type\":\"ListItem\",\"position\":2,\"name\":\"Agr\u00e9ment service \u00e0 la personne\"}]},{\"@type\":\"WebSite\",\"@id\":\"https:\\\/\\\/rembatschool.fr\\\/#website\",\"url\":\"https:\\\/\\\/rembatschool.fr\\\/\",\"name\":\"Cours de guitare rock nantes\",\"description\":\"des cours de guitare rock et m\u00e9tal \u00e0 domicile\",\"publisher\":{\"@id\":\"https:\\\/\\\/rembatschool.fr\\\/#organization\"},\"alternateName\":\"un prof dipl\u00f4m\u00e9 de la M.A.I.\",\"potentialAction\":[{\"@type\":\"SearchAction\",\"target\":{\"@type\":\"EntryPoint\",\"urlTemplate\":\"https:\\\/\\\/rembatschool.fr\\\/?s={search_term_string}\"},\"query-input\":{\"@type\":\"PropertyValueSpecification\",\"valueRequired\":true,\"valueName\":\"search_term_string\"}}],\"inLanguage\":\"fr-FR\"},{\"@type\":\"Organization\",\"@id\":\"https:\\\/\\\/rembatschool.fr\\\/#organization\",\"name\":\"rembatschool\",\"alternateName\":\"rembat\",\"url\":\"https:\\\/\\\/rembatschool.fr\\\/\",\"logo\":{\"@type\":\"ImageObject\",\"inLanguage\":\"fr-FR\",\"@id\":\"https:\\\/\\\/rembatschool.fr\\\/#\\\/schema\\\/logo\\\/image\\\/\",\"url\":\"https:\\\/\\\/rembatschool.fr\\\/wp-content\\\/uploads\\\/2016\\\/06\\\/cropped-SITE-LOGO-1.png\",\"contentUrl\":\"https:\\\/\\\/rembatschool.fr\\\/wp-content\\\/uploads\\\/2016\\\/06\\\/cropped-SITE-LOGO-1.png\",\"width\":512,\"height\":512,\"caption\":\"rembatschool\"},\"image\":{\"@id\":\"https:\\\/\\\/rembatschool.fr\\\/#\\\/schema\\\/logo\\\/image\\\/\"},\"sameAs\":[\"https:\\\/\\\/www.facebook.com\\\/rembatschool\\\/\",\"https:\\\/\\\/www.youtube.com\\\/@rembat9605\"]}]}<\/script>\n<!-- \/ Yoast SEO plugin. -->","yoast_head_json":{"title":"Agr\u00e9ment service \u00e0 la personne - Cours de guitare \u00e0 domicile sur Nantes","description":"Agr\u00e9ment\u00e9 service \u00e0 la personnes tous mes cours de guitare \u00e0 domicile b\u00e9n\u00e9ficie d'une r\u00e9duction ou d'un cr\u00e9dit d\u2019imp\u00f4t de 50%.","robots":{"index":"index","follow":"follow","max-snippet":"max-snippet:-1","max-image-preview":"max-image-preview:large","max-video-preview":"max-video-preview:-1"},"canonical":"https:\/\/rembatschool.fr\/index.php\/agrement-service-a-la-personnes\/","og_locale":"fr_FR","og_type":"article","og_title":"Agr\u00e9ment service \u00e0 la personne - Cours de guitare \u00e0 domicile sur Nantes","og_description":"Agr\u00e9ment\u00e9 service \u00e0 la personnes tous mes cours de guitare \u00e0 domicile b\u00e9n\u00e9ficie d'une r\u00e9duction ou d'un cr\u00e9dit d\u2019imp\u00f4t de 50%.","og_url":"https:\/\/rembatschool.fr\/index.php\/agrement-service-a-la-personnes\/","og_site_name":"Cours de guitare rock nantes","article_publisher":"https:\/\/www.facebook.com\/rembatschool\/","article_modified_time":"2023-07-28T14:50:19+00:00","og_image":[{"width":512,"height":512,"url":"https:\/\/rembatschool.fr\/wp-content\/uploads\/2016\/06\/cropped-SITE-LOGO-1.png","type":"image\/png"}],"twitter_card":"summary_large_image","twitter_misc":{"Dur\u00e9e de lecture estim\u00e9e":"3 minutes"},"schema":{"@context":"https:\/\/schema.org","@graph":[{"@type":"WebPage","@id":"https:\/\/rembatschool.fr\/index.php\/agrement-service-a-la-personnes\/","url":"https:\/\/rembatschool.fr\/index.php\/agrement-service-a-la-personnes\/","name":"Agr\u00e9ment service \u00e0 la personne - Cours de guitare \u00e0 domicile sur Nantes","isPartOf":{"@id":"https:\/\/rembatschool.fr\/#website"},"datePublished":"2016-08-02T13:22:00+00:00","dateModified":"2023-07-28T14:50:19+00:00","description":"Agr\u00e9ment\u00e9 service \u00e0 la personnes tous mes cours de guitare \u00e0 domicile b\u00e9n\u00e9ficie d'une r\u00e9duction ou d'un cr\u00e9dit d\u2019imp\u00f4t de 50%.","breadcrumb":{"@id":"https:\/\/rembatschool.fr\/index.php\/agrement-service-a-la-personnes\/#breadcrumb"},"inLanguage":"fr-FR","potentialAction":[{"@type":"ReadAction","target":["https:\/\/rembatschool.fr\/index.php\/agrement-service-a-la-personnes\/"]}]},{"@type":"BreadcrumbList","@id":"https:\/\/rembatschool.fr\/index.php\/agrement-service-a-la-personnes\/#breadcrumb","itemListElement":[{"@type":"ListItem","position":1,"name":"Accueil","item":"https:\/\/rembatschool.fr\/"},{"@type":"ListItem","position":2,"name":"Agr\u00e9ment service \u00e0 la personne"}]},{"@type":"WebSite","@id":"https:\/\/rembatschool.fr\/#website","url":"https:\/\/rembatschool.fr\/","name":"Cours de guitare rock nantes","description":"des cours de guitare rock et m\u00e9tal \u00e0 domicile","publisher":{"@id":"https:\/\/rembatschool.fr\/#organization"},"alternateName":"un prof dipl\u00f4m\u00e9 de la M.A.I.","potentialAction":[{"@type":"SearchAction","target":{"@type":"EntryPoint","urlTemplate":"https:\/\/rembatschool.fr\/?s={search_term_string}"},"query-input":{"@type":"PropertyValueSpecification","valueRequired":true,"valueName":"search_term_string"}}],"inLanguage":"fr-FR"},{"@type":"Organization","@id":"https:\/\/rembatschool.fr\/#organization","name":"rembatschool","alternateName":"rembat","url":"https:\/\/rembatschool.fr\/","logo":{"@type":"ImageObject","inLanguage":"fr-FR","@id":"https:\/\/rembatschool.fr\/#\/schema\/logo\/image\/","url":"https:\/\/rembatschool.fr\/wp-content\/uploads\/2016\/06\/cropped-SITE-LOGO-1.png","contentUrl":"https:\/\/rembatschool.fr\/wp-content\/uploads\/2016\/06\/cropped-SITE-LOGO-1.png","width":512,"height":512,"caption":"rembatschool"},"image":{"@id":"https:\/\/rembatschool.fr\/#\/schema\/logo\/image\/"},"sameAs":["https:\/\/www.facebook.com\/rembatschool\/","https:\/\/www.youtube.com\/@rembat9605"]}]}},"_links":{"self":[{"href":"https:\/\/rembatschool.fr\/index.php\/wp-json\/wp\/v2\/pages\/465","targetHints":{"allow":["GET"]}}],"collection":[{"href":"https:\/\/rembatschool.fr\/index.php\/wp-json\/wp\/v2\/pages"}],"about":[{"href":"https:\/\/rembatschool.fr\/index.php\/wp-json\/wp\/v2\/types\/page"}],"author":[{"embeddable":true,"href":"https:\/\/rembatschool.fr\/index.php\/wp-json\/wp\/v2\/users\/1"}],"replies":[{"embeddable":true,"href":"https:\/\/rembatschool.fr\/index.php\/wp-json\/wp\/v2\/comments?post=465"}],"version-history":[{"count":9,"href":"https:\/\/rembatschool.fr\/index.php\/wp-json\/wp\/v2\/pages\/465\/revisions"}],"predecessor-version":[{"id":1192,"href":"https:\/\/rembatschool.fr\/index.php\/wp-json\/wp\/v2\/pages\/465\/revisions\/1192"}],"wp:attachment":[{"href":"https:\/\/rembatschool.fr\/index.php\/wp-json\/wp\/v2\/media?parent=465"}],"curies":[{"name":"wp","href":"https:\/\/api.w.org\/{rel}","templated":true}]}}