{"id":29,"date":"2016-06-04T09:45:29","date_gmt":"2016-06-04T08:45:29","guid":{"rendered":"http:\/\/rembatschool.fr\/?page_id=29"},"modified":"2017-09-06T10:10:29","modified_gmt":"2017-09-06T09:10:29","slug":"le-prof","status":"publish","type":"page","link":"https:\/\/rembatschool.fr\/index.php\/le-prof\/","title":{"rendered":"Le prof"},"content":{"rendered":"<h5>Qui est le Prof ?<\/h5>\n<p>Bonjour \u00e0 tous, je m\u2019appelle R\u00e9mi Baty (d&rsquo;o\u00f9\u00a0mon surnom Rem Bat).<strong>\u00a0Je fais de la guitare depuis maintenant 10 ans<\/strong>. J&rsquo;ai tout d&rsquo;abord \u00e9tudi\u00e9 pendant 5 ans avec un professeur particulier et en 2014, apr\u00e8s une ann\u00e9e de pr\u00e9paration, je suis parti \u00e9tudier \u00e0 Nancy \u00e0<strong> la Music Academy International<\/strong> ( Acc\u00e9der au site de la M.A.I. en <a href=\"http:\/\/www.maifrance.com\/\" target=\"_blank\" rel=\"noopener\">cliquant ici<\/a>). O\u00f9 j&rsquo;y ai obtenu mon dipl\u00f4me \u00e0 la suite duquel j&rsquo;ai d\u00e9cid\u00e9 de <strong>me lancer en auto-entreprise pour donner des cours de guitare \u00e0 domicile.\u00a0<\/strong><\/p>\n<p>&nbsp;<\/p>\n<h5>Mon Style de jeu :<\/h5>\n<p>\u00c0\u00a0la guitare, je joue de tout. <strong>Bossa, jazz et chanson fran\u00e7aise<\/strong>\u00a0font partis de mon r\u00e9pertoire. <strong>Mais mon c\u0153ur et mon jeu guitaristique\u00a0vont au Blues, hard rock et m\u00e9tal<\/strong>. Ce sont les styles que je vais le plus \u00e9couter et ceux dans lesquels <strong>je me suis\u00a0sp\u00e9cialis\u00e9.<\/strong><\/p>\n<h5><\/h5>\n<h5>Mes Formations Musicales :<\/h5>\n<p>Je joue aussi dans plusieurs <strong>formations musicales\u00a0<\/strong>( The T.A.W.S. , Infinytium) qui m&rsquo;on permis de <strong>me confronter \u00e0 la sc\u00e8ne, de faire de la composition et de l&rsquo;enregistrement.<\/strong> Autant de comp\u00e9tences qui peuvent aussi me servir durant mes cours. Certains, ont ou auront peut-\u00eatre un groupe lorsqu&rsquo;ils prendront des cours avec moi, je pourrai \u00e0 ce moment l\u00e0,<strong> les aider dans ce processus de cr\u00e9ation qui est tr\u00e8s vaste<\/strong> et qui va bien au del\u00e0 de simples notes.<\/p>\n<p>&nbsp;<\/p>\n<p>&nbsp;<\/p>\n<h5>Quelques vid\u00e9os :<\/h5>\n","protected":false},"excerpt":{"rendered":"<p>Qui est le Prof ? Bonjour \u00e0 tous, je m\u2019appelle R\u00e9mi Baty (d&rsquo;o\u00f9\u00a0mon surnom Rem Bat).\u00a0Je fais de la guitare depuis maintenant 10 ans. J&rsquo;ai tout d&rsquo;abord \u00e9tudi\u00e9 pendant 5 ans avec un professeur particulier et en 2014, apr\u00e8s une ann\u00e9e de pr\u00e9paration, je suis parti \u00e9tudier \u00e0 Nancy \u00e0 la Music Academy International (&#8230; <\/p>\n<div class=\"clear\"><\/div>\n<p><a href=\"https:\/\/rembatschool.fr\/index.php\/le-prof\/\" class=\"gdlr-button with-border excerpt-read-more\">Read More<\/a><\/p>\n","protected":false},"author":1,"featured_media":0,"parent":0,"menu_order":0,"comment_status":"closed","ping_status":"closed","template":"","meta":{"footnotes":""},"class_list":["post-29","page","type-page","status-publish","hentry"],"yoast_head":"<!-- This site is optimized with the Yoast SEO plugin v27.3 - https:\/\/yoast.com\/product\/yoast-seo-wordpress\/ -->\n<title>Le prof - Cour de guitare \u00e0 domicile Nantes - guitare \u00e9lectrique et classique<\/title>\n<meta name=\"description\" content=\"Professeur de guitare dipl\u00f4m\u00e9 de la M.A.I. J&#039;enseigne la guitare depuis maintenant plusieurs ann\u00e9e sur Nantes et ces alentours et \u00e0 votre domicile.\" \/>\n<meta name=\"robots\" content=\"index, follow, max-snippet:-1, max-image-preview:large, max-video-preview:-1\" \/>\n<link rel=\"canonical\" href=\"https:\/\/rembatschool.fr\/index.php\/le-prof\/\" \/>\n<meta property=\"og:locale\" content=\"fr_FR\" \/>\n<meta property=\"og:type\" content=\"article\" \/>\n<meta property=\"og:title\" content=\"Le prof - Cour de guitare \u00e0 domicile Nantes - guitare \u00e9lectrique et classique\" \/>\n<meta property=\"og:description\" content=\"Professeur de guitare dipl\u00f4m\u00e9 de la M.A.I. J&#039;enseigne la guitare depuis maintenant plusieurs ann\u00e9e sur Nantes et ces alentours et \u00e0 votre domicile.\" \/>\n<meta property=\"og:url\" content=\"https:\/\/rembatschool.fr\/index.php\/le-prof\/\" \/>\n<meta property=\"og:site_name\" content=\"Cours de guitare rock nantes\" \/>\n<meta property=\"article:publisher\" content=\"https:\/\/www.facebook.com\/rembatschool\/\" \/>\n<meta property=\"article:modified_time\" content=\"2017-09-06T09:10:29+00:00\" \/>\n<meta property=\"og:image\" content=\"https:\/\/rembatschool.fr\/wp-content\/uploads\/2016\/06\/cropped-SITE-LOGO-1.png\" \/>\n\t<meta property=\"og:image:width\" content=\"512\" \/>\n\t<meta property=\"og:image:height\" content=\"512\" \/>\n\t<meta property=\"og:image:type\" content=\"image\/png\" \/>\n<meta name=\"twitter:card\" content=\"summary_large_image\" \/>\n<meta name=\"twitter:label1\" content=\"Dur\u00e9e de lecture estim\u00e9e\" \/>\n\t<meta name=\"twitter:data1\" content=\"1 minute\" \/>\n<script type=\"application\/ld+json\" class=\"yoast-schema-graph\">{\"@context\":\"https:\\\/\\\/schema.org\",\"@graph\":[{\"@type\":\"WebPage\",\"@id\":\"https:\\\/\\\/rembatschool.fr\\\/index.php\\\/le-prof\\\/\",\"url\":\"https:\\\/\\\/rembatschool.fr\\\/index.php\\\/le-prof\\\/\",\"name\":\"Le prof - Cour de guitare \u00e0 domicile Nantes - guitare \u00e9lectrique et classique\",\"isPartOf\":{\"@id\":\"https:\\\/\\\/rembatschool.fr\\\/#website\"},\"datePublished\":\"2016-06-04T08:45:29+00:00\",\"dateModified\":\"2017-09-06T09:10:29+00:00\",\"description\":\"Professeur de guitare dipl\u00f4m\u00e9 de la M.A.I. J'enseigne la guitare depuis maintenant plusieurs ann\u00e9e sur Nantes et ces alentours et \u00e0 votre domicile.\",\"breadcrumb\":{\"@id\":\"https:\\\/\\\/rembatschool.fr\\\/index.php\\\/le-prof\\\/#breadcrumb\"},\"inLanguage\":\"fr-FR\",\"potentialAction\":[{\"@type\":\"ReadAction\",\"target\":[\"https:\\\/\\\/rembatschool.fr\\\/index.php\\\/le-prof\\\/\"]}]},{\"@type\":\"BreadcrumbList\",\"@id\":\"https:\\\/\\\/rembatschool.fr\\\/index.php\\\/le-prof\\\/#breadcrumb\",\"itemListElement\":[{\"@type\":\"ListItem\",\"position\":1,\"name\":\"Accueil\",\"item\":\"https:\\\/\\\/rembatschool.fr\\\/\"},{\"@type\":\"ListItem\",\"position\":2,\"name\":\"Le prof\"}]},{\"@type\":\"WebSite\",\"@id\":\"https:\\\/\\\/rembatschool.fr\\\/#website\",\"url\":\"https:\\\/\\\/rembatschool.fr\\\/\",\"name\":\"Cours de guitare rock nantes\",\"description\":\"des cours de guitare rock et m\u00e9tal \u00e0 domicile\",\"publisher\":{\"@id\":\"https:\\\/\\\/rembatschool.fr\\\/#organization\"},\"alternateName\":\"un prof dipl\u00f4m\u00e9 de la M.A.I.\",\"potentialAction\":[{\"@type\":\"SearchAction\",\"target\":{\"@type\":\"EntryPoint\",\"urlTemplate\":\"https:\\\/\\\/rembatschool.fr\\\/?s={search_term_string}\"},\"query-input\":{\"@type\":\"PropertyValueSpecification\",\"valueRequired\":true,\"valueName\":\"search_term_string\"}}],\"inLanguage\":\"fr-FR\"},{\"@type\":\"Organization\",\"@id\":\"https:\\\/\\\/rembatschool.fr\\\/#organization\",\"name\":\"rembatschool\",\"alternateName\":\"rembat\",\"url\":\"https:\\\/\\\/rembatschool.fr\\\/\",\"logo\":{\"@type\":\"ImageObject\",\"inLanguage\":\"fr-FR\",\"@id\":\"https:\\\/\\\/rembatschool.fr\\\/#\\\/schema\\\/logo\\\/image\\\/\",\"url\":\"https:\\\/\\\/rembatschool.fr\\\/wp-content\\\/uploads\\\/2016\\\/06\\\/cropped-SITE-LOGO-1.png\",\"contentUrl\":\"https:\\\/\\\/rembatschool.fr\\\/wp-content\\\/uploads\\\/2016\\\/06\\\/cropped-SITE-LOGO-1.png\",\"width\":512,\"height\":512,\"caption\":\"rembatschool\"},\"image\":{\"@id\":\"https:\\\/\\\/rembatschool.fr\\\/#\\\/schema\\\/logo\\\/image\\\/\"},\"sameAs\":[\"https:\\\/\\\/www.facebook.com\\\/rembatschool\\\/\",\"https:\\\/\\\/www.youtube.com\\\/@rembat9605\"]}]}<\/script>\n<!-- \/ Yoast SEO plugin. -->","yoast_head_json":{"title":"Le prof - Cour de guitare \u00e0 domicile Nantes - guitare \u00e9lectrique et classique","description":"Professeur de guitare dipl\u00f4m\u00e9 de la M.A.I. J'enseigne la guitare depuis maintenant plusieurs ann\u00e9e sur Nantes et ces alentours et \u00e0 votre domicile.","robots":{"index":"index","follow":"follow","max-snippet":"max-snippet:-1","max-image-preview":"max-image-preview:large","max-video-preview":"max-video-preview:-1"},"canonical":"https:\/\/rembatschool.fr\/index.php\/le-prof\/","og_locale":"fr_FR","og_type":"article","og_title":"Le prof - Cour de guitare \u00e0 domicile Nantes - guitare \u00e9lectrique et classique","og_description":"Professeur de guitare dipl\u00f4m\u00e9 de la M.A.I. J'enseigne la guitare depuis maintenant plusieurs ann\u00e9e sur Nantes et ces alentours et \u00e0 votre domicile.","og_url":"https:\/\/rembatschool.fr\/index.php\/le-prof\/","og_site_name":"Cours de guitare rock nantes","article_publisher":"https:\/\/www.facebook.com\/rembatschool\/","article_modified_time":"2017-09-06T09:10:29+00:00","og_image":[{"width":512,"height":512,"url":"https:\/\/rembatschool.fr\/wp-content\/uploads\/2016\/06\/cropped-SITE-LOGO-1.png","type":"image\/png"}],"twitter_card":"summary_large_image","twitter_misc":{"Dur\u00e9e de lecture estim\u00e9e":"1 minute"},"schema":{"@context":"https:\/\/schema.org","@graph":[{"@type":"WebPage","@id":"https:\/\/rembatschool.fr\/index.php\/le-prof\/","url":"https:\/\/rembatschool.fr\/index.php\/le-prof\/","name":"Le prof - Cour de guitare \u00e0 domicile Nantes - guitare \u00e9lectrique et classique","isPartOf":{"@id":"https:\/\/rembatschool.fr\/#website"},"datePublished":"2016-06-04T08:45:29+00:00","dateModified":"2017-09-06T09:10:29+00:00","description":"Professeur de guitare dipl\u00f4m\u00e9 de la M.A.I. J'enseigne la guitare depuis maintenant plusieurs ann\u00e9e sur Nantes et ces alentours et \u00e0 votre domicile.","breadcrumb":{"@id":"https:\/\/rembatschool.fr\/index.php\/le-prof\/#breadcrumb"},"inLanguage":"fr-FR","potentialAction":[{"@type":"ReadAction","target":["https:\/\/rembatschool.fr\/index.php\/le-prof\/"]}]},{"@type":"BreadcrumbList","@id":"https:\/\/rembatschool.fr\/index.php\/le-prof\/#breadcrumb","itemListElement":[{"@type":"ListItem","position":1,"name":"Accueil","item":"https:\/\/rembatschool.fr\/"},{"@type":"ListItem","position":2,"name":"Le prof"}]},{"@type":"WebSite","@id":"https:\/\/rembatschool.fr\/#website","url":"https:\/\/rembatschool.fr\/","name":"Cours de guitare rock nantes","description":"des cours de guitare rock et m\u00e9tal \u00e0 domicile","publisher":{"@id":"https:\/\/rembatschool.fr\/#organization"},"alternateName":"un prof dipl\u00f4m\u00e9 de la M.A.I.","potentialAction":[{"@type":"SearchAction","target":{"@type":"EntryPoint","urlTemplate":"https:\/\/rembatschool.fr\/?s={search_term_string}"},"query-input":{"@type":"PropertyValueSpecification","valueRequired":true,"valueName":"search_term_string"}}],"inLanguage":"fr-FR"},{"@type":"Organization","@id":"https:\/\/rembatschool.fr\/#organization","name":"rembatschool","alternateName":"rembat","url":"https:\/\/rembatschool.fr\/","logo":{"@type":"ImageObject","inLanguage":"fr-FR","@id":"https:\/\/rembatschool.fr\/#\/schema\/logo\/image\/","url":"https:\/\/rembatschool.fr\/wp-content\/uploads\/2016\/06\/cropped-SITE-LOGO-1.png","contentUrl":"https:\/\/rembatschool.fr\/wp-content\/uploads\/2016\/06\/cropped-SITE-LOGO-1.png","width":512,"height":512,"caption":"rembatschool"},"image":{"@id":"https:\/\/rembatschool.fr\/#\/schema\/logo\/image\/"},"sameAs":["https:\/\/www.facebook.com\/rembatschool\/","https:\/\/www.youtube.com\/@rembat9605"]}]}},"_links":{"self":[{"href":"https:\/\/rembatschool.fr\/index.php\/wp-json\/wp\/v2\/pages\/29","targetHints":{"allow":["GET"]}}],"collection":[{"href":"https:\/\/rembatschool.fr\/index.php\/wp-json\/wp\/v2\/pages"}],"about":[{"href":"https:\/\/rembatschool.fr\/index.php\/wp-json\/wp\/v2\/types\/page"}],"author":[{"embeddable":true,"href":"https:\/\/rembatschool.fr\/index.php\/wp-json\/wp\/v2\/users\/1"}],"replies":[{"embeddable":true,"href":"https:\/\/rembatschool.fr\/index.php\/wp-json\/wp\/v2\/comments?post=29"}],"version-history":[{"count":10,"href":"https:\/\/rembatschool.fr\/index.php\/wp-json\/wp\/v2\/pages\/29\/revisions"}],"predecessor-version":[{"id":928,"href":"https:\/\/rembatschool.fr\/index.php\/wp-json\/wp\/v2\/pages\/29\/revisions\/928"}],"wp:attachment":[{"href":"https:\/\/rembatschool.fr\/index.php\/wp-json\/wp\/v2\/media?parent=29"}],"curies":[{"name":"wp","href":"https:\/\/api.w.org\/{rel}","templated":true}]}}