{"id":232,"date":"2016-06-14T07:09:47","date_gmt":"2016-06-14T06:09:47","guid":{"rendered":"http:\/\/rembatschool.fr\/?page_id=232"},"modified":"2025-04-11T10:50:15","modified_gmt":"2025-04-11T09:50:15","slug":"commentaire","status":"publish","type":"page","link":"https:\/\/rembatschool.fr\/index.php\/commentaire\/","title":{"rendered":"Les commentaires des \u00e9l\u00e8ves"},"content":{"rendered":"\n<figure class=\"wp-block-pullquote\"><blockquote><p>Super prof de guitare, en quelques cours j\u2019ai progress\u00e9 tr\u00e8s rapidement avec des exercices simple et efficace le tout dans une bonne petite ambiance. Prof passionn\u00e9 !! VIVE LA GRATTE !!<\/p><cite><strong>Elwin<\/strong><\/cite><\/blockquote><\/figure>\n\n\n\n<blockquote class=\"wp-block-quote is-layout-flow wp-block-quote-is-layout-flow\">\n<p class=\"has-text-align-center\">Un prof \u00e0 l\u2019\u00e9coute des demandes, arrive \u00e0 y r\u00e9pondre. Il a de solides connaissances musicales, pratique et th\u00e9orie. En plus super fiable, patient et fort sympa. le reste c\u2019est le travail personnel et le temps !<\/p>\n\n\n\n<p class=\"has-text-align-center\"><strong>Myriam<\/strong><\/p>\n<\/blockquote>\n\n\n\n<blockquote class=\"wp-block-quote is-layout-flow wp-block-quote-is-layout-flow\">\n<p class=\"has-text-align-center\">J\u2019ai commenc\u00e9 la guitare electrique avec aucune notion de musique il y a un an avec R\u00e9my. Il a su s\u2019adapter, est patient , les morceaux que nous jouons sont vari\u00e9s et je m\u2019amuse toujours autant.<\/p>\n\n\n\n<p class=\"has-text-align-center\">Super prof quel que soit votre niveau&nbsp;<\/p>\n\n\n\n<p class=\"has-text-align-center\"><strong>Cesar<\/strong><\/p>\n<\/blockquote>\n\n\n\n<blockquote class=\"wp-block-quote has-text-align-center is-layout-flow wp-block-quote-is-layout-flow\">\n<p>Super prof, tr\u00e8s sympa ! \u00c0 l&rsquo;\u00e9coute des \u00e9l\u00e8ves et qui sait adapter sa p\u00e9dagogie \u00e0 chaque profil ! Pour tout niveau ::)<\/p>\n\n\n\n<p><strong>Bruno <\/strong><\/p>\n<\/blockquote>\n\n\n\n<blockquote class=\"wp-block-quote is-layout-flow wp-block-quote-is-layout-flow\">\n<p class=\"has-text-align-center\">R\u00e9mi, C&rsquo;est un vrai bon prof. P\u00e9dagogue, \u00e0 l&rsquo;\u00e9coute et s&rsquo;adapte \u00e0 votre niveau et votre style. En 6 mois, Je constate une progression. Pour avoir eu plusieurs exp\u00e9riences avec d&rsquo;autres professeurs, c&rsquo;est une de mes meilleures exp\u00e9riences. Je le recommande sans h\u00e9siter ! L&rsquo;essayer c&rsquo;est l&rsquo;adopter<\/p>\n\n\n\n<p class=\"has-text-align-center\"><strong>Loic<\/strong><\/p>\n<\/blockquote>\n\n\n<h3>Laissez votre commentaire sur la Rem Bat School<\/h3>\n\n<div class=\"wpcf7 no-js\" id=\"wpcf7-f240-o1\" lang=\"fr-FR\" dir=\"ltr\" data-wpcf7-id=\"240\">\n<div class=\"screen-reader-response\"><p role=\"status\" aria-live=\"polite\" aria-atomic=\"true\"><\/p> <ul><\/ul><\/div>\n<form action=\"\/index.php\/wp-json\/wp\/v2\/pages\/232#wpcf7-f240-o1\" method=\"post\" class=\"wpcf7-form init\" aria-label=\"Formulaire de contact\" novalidate=\"novalidate\" data-status=\"init\">\n<fieldset class=\"hidden-fields-container\"><input type=\"hidden\" name=\"_wpcf7\" value=\"240\" \/><input type=\"hidden\" name=\"_wpcf7_version\" value=\"6.1.5\" \/><input type=\"hidden\" name=\"_wpcf7_locale\" value=\"fr_FR\" \/><input type=\"hidden\" name=\"_wpcf7_unit_tag\" value=\"wpcf7-f240-o1\" \/><input type=\"hidden\" name=\"_wpcf7_container_post\" value=\"0\" \/><input type=\"hidden\" name=\"_wpcf7_posted_data_hash\" value=\"\" \/>\n<\/fieldset>\n<p>Votre nom (obligatoire)\n<\/p>\n<p><span class=\"wpcf7-form-control-wrap\" data-name=\"your-name\"><input size=\"40\" maxlength=\"400\" class=\"wpcf7-form-control wpcf7-text wpcf7-validates-as-required\" aria-required=\"true\" aria-invalid=\"false\" value=\"\" type=\"text\" name=\"your-name\" \/><\/span>\n<\/p>\n<p>Votre email (obligatoire)\n<\/p>\n<p><span class=\"wpcf7-form-control-wrap\" data-name=\"your-email\"><input size=\"40\" maxlength=\"400\" class=\"wpcf7-form-control wpcf7-email wpcf7-validates-as-required wpcf7-text wpcf7-validates-as-email\" aria-required=\"true\" aria-invalid=\"false\" value=\"\" type=\"email\" name=\"your-email\" \/><\/span>\n<\/p>\n<p>Votre Avis sur les cours de guitare\n<\/p>\n<p><span class=\"wpcf7-form-control-wrap\" data-name=\"your-message\"><textarea cols=\"40\" rows=\"10\" maxlength=\"2000\" class=\"wpcf7-form-control wpcf7-textarea\" aria-invalid=\"false\" name=\"your-message\"><\/textarea><\/span>\n<\/p>\n<p><input class=\"wpcf7-form-control wpcf7-submit has-spinner\" type=\"submit\" value=\"Envoyer\" \/>\n<\/p><div class=\"wpcf7-response-output\" aria-hidden=\"true\"><\/div>\n<\/form>\n<\/div>\n\n<p>&nbsp;<\/p>","protected":false},"excerpt":{"rendered":"<p>Super prof de guitare, en quelques cours j\u2019ai progress\u00e9 tr\u00e8s rapidement avec des exercices simple et efficace le tout dans une bonne petite ambiance. Prof passionn\u00e9 !! VIVE LA GRATTE !! Elwin Un prof \u00e0 l\u2019\u00e9coute des demandes, arrive \u00e0 y r\u00e9pondre. Il a de solides connaissances musicales, pratique et th\u00e9orie. En plus super fiable,&#8230; <\/p>\n<div class=\"clear\"><\/div>\n<p><a href=\"https:\/\/rembatschool.fr\/index.php\/commentaire\/\" class=\"gdlr-button with-border excerpt-read-more\">Read More<\/a><\/p>\n","protected":false},"author":1,"featured_media":0,"parent":0,"menu_order":0,"comment_status":"closed","ping_status":"closed","template":"","meta":{"footnotes":""},"class_list":["post-232","page","type-page","status-publish","hentry"],"yoast_head":"<!-- This site is optimized with the Yoast SEO plugin v27.3 - https:\/\/yoast.com\/product\/yoast-seo-wordpress\/ -->\n<title>Les commentaires des \u00e9l\u00e8ves - Cours de guitare rock nantes<\/title>\n<meta name=\"robots\" content=\"index, follow, max-snippet:-1, max-image-preview:large, max-video-preview:-1\" \/>\n<link rel=\"canonical\" href=\"https:\/\/rembatschool.fr\/index.php\/commentaire\/\" \/>\n<meta property=\"og:locale\" content=\"fr_FR\" \/>\n<meta property=\"og:type\" content=\"article\" \/>\n<meta property=\"og:title\" content=\"Les commentaires des \u00e9l\u00e8ves - Cours de guitare rock nantes\" \/>\n<meta property=\"og:description\" content=\"Super prof de guitare, en quelques cours j\u2019ai progress\u00e9 tr\u00e8s rapidement avec des exercices simple et efficace le tout dans une bonne petite ambiance. Prof passionn\u00e9 !! VIVE LA GRATTE !! Elwin Un prof \u00e0 l\u2019\u00e9coute des demandes, arrive \u00e0 y r\u00e9pondre. Il a de solides connaissances musicales, pratique et th\u00e9orie. En plus super fiable,... Read More\" \/>\n<meta property=\"og:url\" content=\"https:\/\/rembatschool.fr\/index.php\/commentaire\/\" \/>\n<meta property=\"og:site_name\" content=\"Cours de guitare rock nantes\" \/>\n<meta property=\"article:publisher\" content=\"https:\/\/www.facebook.com\/rembatschool\/\" \/>\n<meta property=\"article:modified_time\" content=\"2025-04-11T09:50:15+00:00\" \/>\n<meta property=\"og:image\" content=\"https:\/\/rembatschool.fr\/wp-content\/uploads\/2016\/06\/cropped-SITE-LOGO-1.png\" \/>\n\t<meta property=\"og:image:width\" content=\"512\" \/>\n\t<meta property=\"og:image:height\" content=\"512\" \/>\n\t<meta property=\"og:image:type\" content=\"image\/png\" \/>\n<meta name=\"twitter:card\" content=\"summary_large_image\" \/>\n<meta name=\"twitter:label1\" content=\"Dur\u00e9e de lecture estim\u00e9e\" \/>\n\t<meta name=\"twitter:data1\" content=\"1 minute\" \/>\n<script type=\"application\/ld+json\" class=\"yoast-schema-graph\">{\"@context\":\"https:\\\/\\\/schema.org\",\"@graph\":[{\"@type\":\"WebPage\",\"@id\":\"https:\\\/\\\/rembatschool.fr\\\/index.php\\\/commentaire\\\/\",\"url\":\"https:\\\/\\\/rembatschool.fr\\\/index.php\\\/commentaire\\\/\",\"name\":\"Les commentaires des \u00e9l\u00e8ves - Cours de guitare rock nantes\",\"isPartOf\":{\"@id\":\"https:\\\/\\\/rembatschool.fr\\\/#website\"},\"datePublished\":\"2016-06-14T06:09:47+00:00\",\"dateModified\":\"2025-04-11T09:50:15+00:00\",\"breadcrumb\":{\"@id\":\"https:\\\/\\\/rembatschool.fr\\\/index.php\\\/commentaire\\\/#breadcrumb\"},\"inLanguage\":\"fr-FR\",\"potentialAction\":[{\"@type\":\"ReadAction\",\"target\":[\"https:\\\/\\\/rembatschool.fr\\\/index.php\\\/commentaire\\\/\"]}]},{\"@type\":\"BreadcrumbList\",\"@id\":\"https:\\\/\\\/rembatschool.fr\\\/index.php\\\/commentaire\\\/#breadcrumb\",\"itemListElement\":[{\"@type\":\"ListItem\",\"position\":1,\"name\":\"Accueil\",\"item\":\"https:\\\/\\\/rembatschool.fr\\\/\"},{\"@type\":\"ListItem\",\"position\":2,\"name\":\"Les commentaires des \u00e9l\u00e8ves\"}]},{\"@type\":\"WebSite\",\"@id\":\"https:\\\/\\\/rembatschool.fr\\\/#website\",\"url\":\"https:\\\/\\\/rembatschool.fr\\\/\",\"name\":\"Cours de guitare rock nantes\",\"description\":\"des cours de guitare rock et m\u00e9tal \u00e0 domicile\",\"publisher\":{\"@id\":\"https:\\\/\\\/rembatschool.fr\\\/#organization\"},\"alternateName\":\"un prof dipl\u00f4m\u00e9 de la M.A.I.\",\"potentialAction\":[{\"@type\":\"SearchAction\",\"target\":{\"@type\":\"EntryPoint\",\"urlTemplate\":\"https:\\\/\\\/rembatschool.fr\\\/?s={search_term_string}\"},\"query-input\":{\"@type\":\"PropertyValueSpecification\",\"valueRequired\":true,\"valueName\":\"search_term_string\"}}],\"inLanguage\":\"fr-FR\"},{\"@type\":\"Organization\",\"@id\":\"https:\\\/\\\/rembatschool.fr\\\/#organization\",\"name\":\"rembatschool\",\"alternateName\":\"rembat\",\"url\":\"https:\\\/\\\/rembatschool.fr\\\/\",\"logo\":{\"@type\":\"ImageObject\",\"inLanguage\":\"fr-FR\",\"@id\":\"https:\\\/\\\/rembatschool.fr\\\/#\\\/schema\\\/logo\\\/image\\\/\",\"url\":\"https:\\\/\\\/rembatschool.fr\\\/wp-content\\\/uploads\\\/2016\\\/06\\\/cropped-SITE-LOGO-1.png\",\"contentUrl\":\"https:\\\/\\\/rembatschool.fr\\\/wp-content\\\/uploads\\\/2016\\\/06\\\/cropped-SITE-LOGO-1.png\",\"width\":512,\"height\":512,\"caption\":\"rembatschool\"},\"image\":{\"@id\":\"https:\\\/\\\/rembatschool.fr\\\/#\\\/schema\\\/logo\\\/image\\\/\"},\"sameAs\":[\"https:\\\/\\\/www.facebook.com\\\/rembatschool\\\/\",\"https:\\\/\\\/www.youtube.com\\\/@rembat9605\"]}]}<\/script>\n<!-- \/ Yoast SEO plugin. -->","yoast_head_json":{"title":"Les commentaires des \u00e9l\u00e8ves - Cours de guitare rock nantes","robots":{"index":"index","follow":"follow","max-snippet":"max-snippet:-1","max-image-preview":"max-image-preview:large","max-video-preview":"max-video-preview:-1"},"canonical":"https:\/\/rembatschool.fr\/index.php\/commentaire\/","og_locale":"fr_FR","og_type":"article","og_title":"Les commentaires des \u00e9l\u00e8ves - Cours de guitare rock nantes","og_description":"Super prof de guitare, en quelques cours j\u2019ai progress\u00e9 tr\u00e8s rapidement avec des exercices simple et efficace le tout dans une bonne petite ambiance. Prof passionn\u00e9 !! VIVE LA GRATTE !! Elwin Un prof \u00e0 l\u2019\u00e9coute des demandes, arrive \u00e0 y r\u00e9pondre. Il a de solides connaissances musicales, pratique et th\u00e9orie. En plus super fiable,... Read More","og_url":"https:\/\/rembatschool.fr\/index.php\/commentaire\/","og_site_name":"Cours de guitare rock nantes","article_publisher":"https:\/\/www.facebook.com\/rembatschool\/","article_modified_time":"2025-04-11T09:50:15+00:00","og_image":[{"width":512,"height":512,"url":"https:\/\/rembatschool.fr\/wp-content\/uploads\/2016\/06\/cropped-SITE-LOGO-1.png","type":"image\/png"}],"twitter_card":"summary_large_image","twitter_misc":{"Dur\u00e9e de lecture estim\u00e9e":"1 minute"},"schema":{"@context":"https:\/\/schema.org","@graph":[{"@type":"WebPage","@id":"https:\/\/rembatschool.fr\/index.php\/commentaire\/","url":"https:\/\/rembatschool.fr\/index.php\/commentaire\/","name":"Les commentaires des \u00e9l\u00e8ves - Cours de guitare rock nantes","isPartOf":{"@id":"https:\/\/rembatschool.fr\/#website"},"datePublished":"2016-06-14T06:09:47+00:00","dateModified":"2025-04-11T09:50:15+00:00","breadcrumb":{"@id":"https:\/\/rembatschool.fr\/index.php\/commentaire\/#breadcrumb"},"inLanguage":"fr-FR","potentialAction":[{"@type":"ReadAction","target":["https:\/\/rembatschool.fr\/index.php\/commentaire\/"]}]},{"@type":"BreadcrumbList","@id":"https:\/\/rembatschool.fr\/index.php\/commentaire\/#breadcrumb","itemListElement":[{"@type":"ListItem","position":1,"name":"Accueil","item":"https:\/\/rembatschool.fr\/"},{"@type":"ListItem","position":2,"name":"Les commentaires des \u00e9l\u00e8ves"}]},{"@type":"WebSite","@id":"https:\/\/rembatschool.fr\/#website","url":"https:\/\/rembatschool.fr\/","name":"Cours de guitare rock nantes","description":"des cours de guitare rock et m\u00e9tal \u00e0 domicile","publisher":{"@id":"https:\/\/rembatschool.fr\/#organization"},"alternateName":"un prof dipl\u00f4m\u00e9 de la M.A.I.","potentialAction":[{"@type":"SearchAction","target":{"@type":"EntryPoint","urlTemplate":"https:\/\/rembatschool.fr\/?s={search_term_string}"},"query-input":{"@type":"PropertyValueSpecification","valueRequired":true,"valueName":"search_term_string"}}],"inLanguage":"fr-FR"},{"@type":"Organization","@id":"https:\/\/rembatschool.fr\/#organization","name":"rembatschool","alternateName":"rembat","url":"https:\/\/rembatschool.fr\/","logo":{"@type":"ImageObject","inLanguage":"fr-FR","@id":"https:\/\/rembatschool.fr\/#\/schema\/logo\/image\/","url":"https:\/\/rembatschool.fr\/wp-content\/uploads\/2016\/06\/cropped-SITE-LOGO-1.png","contentUrl":"https:\/\/rembatschool.fr\/wp-content\/uploads\/2016\/06\/cropped-SITE-LOGO-1.png","width":512,"height":512,"caption":"rembatschool"},"image":{"@id":"https:\/\/rembatschool.fr\/#\/schema\/logo\/image\/"},"sameAs":["https:\/\/www.facebook.com\/rembatschool\/","https:\/\/www.youtube.com\/@rembat9605"]}]}},"_links":{"self":[{"href":"https:\/\/rembatschool.fr\/index.php\/wp-json\/wp\/v2\/pages\/232","targetHints":{"allow":["GET"]}}],"collection":[{"href":"https:\/\/rembatschool.fr\/index.php\/wp-json\/wp\/v2\/pages"}],"about":[{"href":"https:\/\/rembatschool.fr\/index.php\/wp-json\/wp\/v2\/types\/page"}],"author":[{"embeddable":true,"href":"https:\/\/rembatschool.fr\/index.php\/wp-json\/wp\/v2\/users\/1"}],"replies":[{"embeddable":true,"href":"https:\/\/rembatschool.fr\/index.php\/wp-json\/wp\/v2\/comments?post=232"}],"version-history":[{"count":9,"href":"https:\/\/rembatschool.fr\/index.php\/wp-json\/wp\/v2\/pages\/232\/revisions"}],"predecessor-version":[{"id":1233,"href":"https:\/\/rembatschool.fr\/index.php\/wp-json\/wp\/v2\/pages\/232\/revisions\/1233"}],"wp:attachment":[{"href":"https:\/\/rembatschool.fr\/index.php\/wp-json\/wp\/v2\/media?parent=232"}],"curies":[{"name":"wp","href":"https:\/\/api.w.org\/{rel}","templated":true}]}}