{"id":19,"date":"2016-06-02T10:13:44","date_gmt":"2016-06-02T09:13:44","guid":{"rendered":"http:\/\/rembatschool.fr\/?page_id=19"},"modified":"2017-09-06T09:36:38","modified_gmt":"2017-09-06T08:36:38","slug":"contact","status":"publish","type":"page","link":"https:\/\/rembatschool.fr\/index.php\/contact\/","title":{"rendered":"Contact"},"content":{"rendered":"","protected":false},"excerpt":{"rendered":"","protected":false},"author":1,"featured_media":0,"parent":0,"menu_order":0,"comment_status":"closed","ping_status":"closed","template":"","meta":{"footnotes":""},"class_list":["post-19","page","type-page","status-publish","hentry"],"yoast_head":"<!-- This site is optimized with the Yoast SEO plugin v27.3 - https:\/\/yoast.com\/product\/yoast-seo-wordpress\/ -->\n<title>Contact - Rem bat School - Cours de guitare \u00e0 domicile - Nantes<\/title>\n<meta name=\"description\" content=\"Formulaire de contact et coordonn\u00e9e de la Rem Bat School - Pour des cours de guitare \u00e0 domicile sur Nantes et ces alentours, guitare \u00e9lectrique et classique\" \/>\n<meta name=\"robots\" content=\"index, follow, max-snippet:-1, max-image-preview:large, max-video-preview:-1\" \/>\n<link rel=\"canonical\" href=\"https:\/\/rembatschool.fr\/index.php\/contact\/\" \/>\n<meta property=\"og:locale\" content=\"fr_FR\" \/>\n<meta property=\"og:type\" content=\"article\" \/>\n<meta property=\"og:title\" content=\"Contact - Rem bat School - Cours de guitare \u00e0 domicile - Nantes\" \/>\n<meta property=\"og:description\" content=\"Formulaire de contact et coordonn\u00e9e de la Rem Bat School - Pour des cours de guitare \u00e0 domicile sur Nantes et ces alentours, guitare \u00e9lectrique et classique\" \/>\n<meta property=\"og:url\" content=\"https:\/\/rembatschool.fr\/index.php\/contact\/\" \/>\n<meta property=\"og:site_name\" content=\"Cours de guitare rock nantes\" \/>\n<meta property=\"article:publisher\" content=\"https:\/\/www.facebook.com\/rembatschool\/\" \/>\n<meta property=\"article:modified_time\" content=\"2017-09-06T08:36:38+00:00\" \/>\n<meta property=\"og:image\" content=\"https:\/\/rembatschool.fr\/wp-content\/uploads\/2016\/06\/cropped-SITE-LOGO-1.png\" \/>\n\t<meta property=\"og:image:width\" content=\"512\" \/>\n\t<meta property=\"og:image:height\" content=\"512\" \/>\n\t<meta property=\"og:image:type\" content=\"image\/png\" \/>\n<meta name=\"twitter:card\" content=\"summary_large_image\" \/>\n<script type=\"application\/ld+json\" class=\"yoast-schema-graph\">{\"@context\":\"https:\\\/\\\/schema.org\",\"@graph\":[{\"@type\":\"WebPage\",\"@id\":\"https:\\\/\\\/rembatschool.fr\\\/index.php\\\/contact\\\/\",\"url\":\"https:\\\/\\\/rembatschool.fr\\\/index.php\\\/contact\\\/\",\"name\":\"Contact - Rem bat School - Cours de guitare \u00e0 domicile - Nantes\",\"isPartOf\":{\"@id\":\"https:\\\/\\\/rembatschool.fr\\\/#website\"},\"datePublished\":\"2016-06-02T09:13:44+00:00\",\"dateModified\":\"2017-09-06T08:36:38+00:00\",\"description\":\"Formulaire de contact et coordonn\u00e9e de la Rem Bat School - Pour des cours de guitare \u00e0 domicile sur Nantes et ces alentours, guitare \u00e9lectrique et classique\",\"breadcrumb\":{\"@id\":\"https:\\\/\\\/rembatschool.fr\\\/index.php\\\/contact\\\/#breadcrumb\"},\"inLanguage\":\"fr-FR\",\"potentialAction\":[{\"@type\":\"ReadAction\",\"target\":[\"https:\\\/\\\/rembatschool.fr\\\/index.php\\\/contact\\\/\"]}]},{\"@type\":\"BreadcrumbList\",\"@id\":\"https:\\\/\\\/rembatschool.fr\\\/index.php\\\/contact\\\/#breadcrumb\",\"itemListElement\":[{\"@type\":\"ListItem\",\"position\":1,\"name\":\"Accueil\",\"item\":\"https:\\\/\\\/rembatschool.fr\\\/\"},{\"@type\":\"ListItem\",\"position\":2,\"name\":\"Contact\"}]},{\"@type\":\"WebSite\",\"@id\":\"https:\\\/\\\/rembatschool.fr\\\/#website\",\"url\":\"https:\\\/\\\/rembatschool.fr\\\/\",\"name\":\"Cours de guitare rock nantes\",\"description\":\"des cours de guitare rock et m\u00e9tal \u00e0 domicile\",\"publisher\":{\"@id\":\"https:\\\/\\\/rembatschool.fr\\\/#organization\"},\"alternateName\":\"un prof dipl\u00f4m\u00e9 de la M.A.I.\",\"potentialAction\":[{\"@type\":\"SearchAction\",\"target\":{\"@type\":\"EntryPoint\",\"urlTemplate\":\"https:\\\/\\\/rembatschool.fr\\\/?s={search_term_string}\"},\"query-input\":{\"@type\":\"PropertyValueSpecification\",\"valueRequired\":true,\"valueName\":\"search_term_string\"}}],\"inLanguage\":\"fr-FR\"},{\"@type\":\"Organization\",\"@id\":\"https:\\\/\\\/rembatschool.fr\\\/#organization\",\"name\":\"rembatschool\",\"alternateName\":\"rembat\",\"url\":\"https:\\\/\\\/rembatschool.fr\\\/\",\"logo\":{\"@type\":\"ImageObject\",\"inLanguage\":\"fr-FR\",\"@id\":\"https:\\\/\\\/rembatschool.fr\\\/#\\\/schema\\\/logo\\\/image\\\/\",\"url\":\"https:\\\/\\\/rembatschool.fr\\\/wp-content\\\/uploads\\\/2016\\\/06\\\/cropped-SITE-LOGO-1.png\",\"contentUrl\":\"https:\\\/\\\/rembatschool.fr\\\/wp-content\\\/uploads\\\/2016\\\/06\\\/cropped-SITE-LOGO-1.png\",\"width\":512,\"height\":512,\"caption\":\"rembatschool\"},\"image\":{\"@id\":\"https:\\\/\\\/rembatschool.fr\\\/#\\\/schema\\\/logo\\\/image\\\/\"},\"sameAs\":[\"https:\\\/\\\/www.facebook.com\\\/rembatschool\\\/\",\"https:\\\/\\\/www.youtube.com\\\/@rembat9605\"]}]}<\/script>\n<!-- \/ Yoast SEO plugin. -->","yoast_head_json":{"title":"Contact - Rem bat School - Cours de guitare \u00e0 domicile - Nantes","description":"Formulaire de contact et coordonn\u00e9e de la Rem Bat School - Pour des cours de guitare \u00e0 domicile sur Nantes et ces alentours, guitare \u00e9lectrique et classique","robots":{"index":"index","follow":"follow","max-snippet":"max-snippet:-1","max-image-preview":"max-image-preview:large","max-video-preview":"max-video-preview:-1"},"canonical":"https:\/\/rembatschool.fr\/index.php\/contact\/","og_locale":"fr_FR","og_type":"article","og_title":"Contact - Rem bat School - Cours de guitare \u00e0 domicile - Nantes","og_description":"Formulaire de contact et coordonn\u00e9e de la Rem Bat School - Pour des cours de guitare \u00e0 domicile sur Nantes et ces alentours, guitare \u00e9lectrique et classique","og_url":"https:\/\/rembatschool.fr\/index.php\/contact\/","og_site_name":"Cours de guitare rock nantes","article_publisher":"https:\/\/www.facebook.com\/rembatschool\/","article_modified_time":"2017-09-06T08:36:38+00:00","og_image":[{"width":512,"height":512,"url":"https:\/\/rembatschool.fr\/wp-content\/uploads\/2016\/06\/cropped-SITE-LOGO-1.png","type":"image\/png"}],"twitter_card":"summary_large_image","schema":{"@context":"https:\/\/schema.org","@graph":[{"@type":"WebPage","@id":"https:\/\/rembatschool.fr\/index.php\/contact\/","url":"https:\/\/rembatschool.fr\/index.php\/contact\/","name":"Contact - Rem bat School - Cours de guitare \u00e0 domicile - Nantes","isPartOf":{"@id":"https:\/\/rembatschool.fr\/#website"},"datePublished":"2016-06-02T09:13:44+00:00","dateModified":"2017-09-06T08:36:38+00:00","description":"Formulaire de contact et coordonn\u00e9e de la Rem Bat School - Pour des cours de guitare \u00e0 domicile sur Nantes et ces alentours, guitare \u00e9lectrique et classique","breadcrumb":{"@id":"https:\/\/rembatschool.fr\/index.php\/contact\/#breadcrumb"},"inLanguage":"fr-FR","potentialAction":[{"@type":"ReadAction","target":["https:\/\/rembatschool.fr\/index.php\/contact\/"]}]},{"@type":"BreadcrumbList","@id":"https:\/\/rembatschool.fr\/index.php\/contact\/#breadcrumb","itemListElement":[{"@type":"ListItem","position":1,"name":"Accueil","item":"https:\/\/rembatschool.fr\/"},{"@type":"ListItem","position":2,"name":"Contact"}]},{"@type":"WebSite","@id":"https:\/\/rembatschool.fr\/#website","url":"https:\/\/rembatschool.fr\/","name":"Cours de guitare rock nantes","description":"des cours de guitare rock et m\u00e9tal \u00e0 domicile","publisher":{"@id":"https:\/\/rembatschool.fr\/#organization"},"alternateName":"un prof dipl\u00f4m\u00e9 de la M.A.I.","potentialAction":[{"@type":"SearchAction","target":{"@type":"EntryPoint","urlTemplate":"https:\/\/rembatschool.fr\/?s={search_term_string}"},"query-input":{"@type":"PropertyValueSpecification","valueRequired":true,"valueName":"search_term_string"}}],"inLanguage":"fr-FR"},{"@type":"Organization","@id":"https:\/\/rembatschool.fr\/#organization","name":"rembatschool","alternateName":"rembat","url":"https:\/\/rembatschool.fr\/","logo":{"@type":"ImageObject","inLanguage":"fr-FR","@id":"https:\/\/rembatschool.fr\/#\/schema\/logo\/image\/","url":"https:\/\/rembatschool.fr\/wp-content\/uploads\/2016\/06\/cropped-SITE-LOGO-1.png","contentUrl":"https:\/\/rembatschool.fr\/wp-content\/uploads\/2016\/06\/cropped-SITE-LOGO-1.png","width":512,"height":512,"caption":"rembatschool"},"image":{"@id":"https:\/\/rembatschool.fr\/#\/schema\/logo\/image\/"},"sameAs":["https:\/\/www.facebook.com\/rembatschool\/","https:\/\/www.youtube.com\/@rembat9605"]}]}},"_links":{"self":[{"href":"https:\/\/rembatschool.fr\/index.php\/wp-json\/wp\/v2\/pages\/19","targetHints":{"allow":["GET"]}}],"collection":[{"href":"https:\/\/rembatschool.fr\/index.php\/wp-json\/wp\/v2\/pages"}],"about":[{"href":"https:\/\/rembatschool.fr\/index.php\/wp-json\/wp\/v2\/types\/page"}],"author":[{"embeddable":true,"href":"https:\/\/rembatschool.fr\/index.php\/wp-json\/wp\/v2\/users\/1"}],"replies":[{"embeddable":true,"href":"https:\/\/rembatschool.fr\/index.php\/wp-json\/wp\/v2\/comments?post=19"}],"version-history":[{"count":10,"href":"https:\/\/rembatschool.fr\/index.php\/wp-json\/wp\/v2\/pages\/19\/revisions"}],"predecessor-version":[{"id":713,"href":"https:\/\/rembatschool.fr\/index.php\/wp-json\/wp\/v2\/pages\/19\/revisions\/713"}],"wp:attachment":[{"href":"https:\/\/rembatschool.fr\/index.php\/wp-json\/wp\/v2\/media?parent=19"}],"curies":[{"name":"wp","href":"https:\/\/api.w.org\/{rel}","templated":true}]}}