{"id":13,"date":"2016-05-31T10:36:23","date_gmt":"2016-05-31T09:36:23","guid":{"rendered":"http:\/\/rembatschool.fr\/?page_id=13"},"modified":"2018-09-06T13:44:49","modified_gmt":"2018-09-06T12:44:49","slug":"les-cours","status":"publish","type":"page","link":"https:\/\/rembatschool.fr\/index.php\/les-cours\/","title":{"rendered":"Les cours"},"content":{"rendered":"<h3>Pourquoi prendre des cours de guitare \u00e0 la Rem Bat School ?<\/h3>\n<p>Et bien, si vous avez toujours r\u00eav\u00e9 de jouer ce riff de AC\/DC, si vous en avez marre d&rsquo;avoir ce second r\u00f4le dans vos soir\u00e9es, si votre enfant vous r\u00e9clame toujours cette m\u00eame chanson ou si tout simplement vous \u00eates un amoureux de cet instrument.<\/p>\n<p>Je suis l\u00e0 <strong>pour vous<\/strong>.<\/p>\n<p>Mes\u00a0<strong>cours de guitare<\/strong>\u00a0sont pr\u00e9par\u00e9s sp\u00e9cialement pour vous afin de vous permettre de\u00a0<strong>progresser \u00e0 votre rythme,\u00a0de jouer les morceaux dont vous avez envie et de vous faire plaisir.<\/strong><\/p>\n<p>Car je ne suis pas ici pour jouer le r\u00f4le du professeur tyrannique, mais bien de celui<strong>\u00a0qui vous accompagne dans votre\u00a0ma\u00eetrise et progression de l&rsquo;instrument. <\/strong><\/p>\n<h5>Et \u00e7a, \u00e7a change tout !<\/h5>\n<p>&nbsp;<\/p>\n<h3>Votre premier cours de guitare ?<\/h3>\n<p>La pr\u00e9paration du premier cours <strong>se fait en deux \u00e9tapes<\/strong><\/p>\n<p>1.<strong>\u00a0<\/strong>Avant votre premier cours, <strong>je vous appellerai<\/strong>\u00a0afin que je puisse d\u00e9finir, vos go\u00fbts, \u00a0vos envies, votre style, etc. Ce qui me permettra de pr\u00e9parer ce premier cours de guitare et de commencer \u00e0 orienter les suivants.<\/p>\n<p>2. Pendant votre premier cours, nous<strong>\u00a0d\u00e9finirons\u00a0ensemble votre niveau. <\/strong>Ce qui me permettra de r\u00e9diger un \u00ab\u00a0programme\u00a0\u00bb qui vous aidera \u00e0 atteindre vos objectifs. Cependant, ce programme n&rsquo;a rien de scolaire, il sera l\u00e0 uniquement pour vous aider \u00e0 vous rep\u00e9rer dans<strong> vos objectifs, <\/strong>de constater<strong>\u00a0votre avanc\u00e9e\u00a0<\/strong>et vous permettre<strong>\u00a0de progresser \u00e0 votre <\/strong><b>rythme.<\/b><\/p>\n<p>&nbsp;<\/p>\n<p>&nbsp;<\/p>\n<h3>Pour les d\u00e9butants :<\/h3>\n<h4>Les pr\u00e9requis pour commencer la guitare :<\/h4>\n<p>Vous serez peut-\u00eatre surpris, mais <strong>le seul pr\u00e9-requis pour commencer la guitare est d&rsquo;avoir une guitare,<\/strong>\u00a0Oui !<\/p>\n<p>Que vous ayez 5 ou 70 ans<strong> il n&rsquo;y \u00e0 pas d&rsquo;\u00e2ge pour commencer \u00e0 apprendre !<\/strong><\/p>\n<p>&nbsp;<\/p>\n<hr \/>\n<p>&nbsp;<\/p>\n<h3>Par quoi commencer\u00a0lorsque l&rsquo;on d\u00e9bute ?<\/h3>\n<ul>\n<li><strong>Conna\u00eetre l&rsquo;instrument : <\/strong>monter ses cordes, utiliser ses potards, connaitre les diff\u00e9rentes parties de la guitare, r\u00e9gler son ampli, autant de choses qui peuvent \u00eatre utiles. Car connaitre son instrument c&rsquo;est d\u00e9j\u00e0 un premier pas dans son apprentissage.<\/li>\n<li><strong>Le rythme :<\/strong> essentiel pour jouer en groupe ou sur ses morceaux pr\u00e9f\u00e9r\u00e9s, toute la th\u00e9orie musicale ne sert \u00e0 rien sans le rythme.<\/li>\n<li><strong>Les accords : <\/strong>pour jouer vos plus belles ballades et morceaux pr\u00e9f\u00e9r\u00e9s.<\/li>\n<li><strong>Jouer vos morceaux : <\/strong>de mani\u00e8re g\u00e9n\u00e9rale, on arrive \u00e0 cette \u00e9tape entre 3 \u00e0 6 mois de cours, tout d\u00e9pendra du temps que vous consacrerez \u00e0 votre instrument et des morceaux choisis.<\/li>\n<\/ul>\n<p>&nbsp;<\/p>\n<h3>Pour les enfants :<\/h3>\n<p>Ce sera sensiblement la m\u00eame chose que pour les d\u00e9butants,\u00a0<strong>je proposerai cependant des s\u00e9ances de solf\u00e8ge.<\/strong>\u00a0Celle-ci n&rsquo;ont rien d&rsquo;obligatoire,<strong>\u00a0<\/strong>le but n&rsquo;\u00e9tant pas de coller \u00e0 des cours en conservatoire, mais de permettre \u00e0 l&rsquo;\u00e9l\u00e8ve de pouvoir changer plus facilement d&rsquo;instrument pas la suite s&rsquo;il le souhaite.<\/p>\n<p>&nbsp;<\/p>\n<h3>Pour les \u00e9l\u00e8ves initi\u00e9s :<\/h3>\n<ul>\n<li>D\u00e9veloppement des acquis<\/li>\n<li>Les pentatoniques<\/li>\n<li>L&rsquo;improvisation<\/li>\n<li>Approfondissement du jeux guitaristique \u00a0(hammer, bend, pull-off, etc)<\/li>\n<li>Apprentissage de nouveaux morceaux plus pouss\u00e9, d\u00e9couverte de nouveaux horizons etc.<\/li>\n<\/ul>\n<h3>Pour les \u00e9l\u00e8ves confirm\u00e9s :<\/h3>\n<p>Ici, je ne pourrai aider que les personnes voulant progresser sur mes diff\u00e9rents styles de pr\u00e9dilection (rock, blues, hard-rock, m\u00e9tal) afin d\u2019approfondir ces styles au maximum.<\/p>\n<p>On pourra ici travailler en profondeur :<\/p>\n<ul>\n<li>L&rsquo;improvisation<\/li>\n<li>Les\u00a0gammes (majeur, mineur, pentatonique, harmonique, ton-demi ton, etc)<\/li>\n<li>Les arp\u00e8ges (mineur, majeur, diminu\u00e9, 7, mineur 7, etc)<\/li>\n<li>Techniques guitaristiques (legato, tapping, pall-mute etc.)<\/li>\n<li>Rythmiques (mesure compos\u00e9e, sextolet, pr\u00e9cision du tempo.)<\/li>\n<li>Harmoniques (comprendre l&rsquo;harmonie d&rsquo;un morceau pour improviser, composer, etc.)<\/li>\n<\/ul>\n<p>Cependant, pour ceux qui d\u00e9sirent approfondir dans un autre style, n&rsquo;h\u00e9sitez pas \u00e0 me contacter, je pourrai vous mettre en relation avec un autre professeur.<\/p>\n<p>Si vous \u00eates int\u00e9ress\u00e9 par mes cours je vous invite \u00e0 consulter ma page<strong>\u00a0<a href=\"http:\/\/rembatschool.fr\/index.php\/tarifs\/\">Tarifs et\u00a0Horaires en cliquant ici<\/a>. <\/strong>Vous pouvez aussi me contacter directement par <a href=\"http:\/\/rembatschool.fr\/index.php\/contact\/\">mail ou t\u00e9l\u00e9phone via\u00a0ma page contact<\/a>\u00a0pour toutes questions. Ou demander directement votre cr\u00e9neau en\u00a0<strong>utilisant le formulaire d&rsquo;inscription ci-dessous.<\/strong><\/p>\n<p style=\"text-align: center;\">\n<a class=\"gdlr-button medium with-border\" href=\"http:\/\/rembatschool.fr\/index.php\/343-2\/\" target=\"_self\"  style=\"color:#ffffff; background-color:#72d5cd; border-color:#ffffff; \"  >Inscrivez vous<\/a><\/p>\n","protected":false},"excerpt":{"rendered":"<p>Pourquoi prendre des cours de guitare \u00e0 la Rem Bat School ? Et bien, si vous avez toujours r\u00eav\u00e9 de jouer ce riff de AC\/DC, si vous en avez marre d&rsquo;avoir ce second r\u00f4le dans vos soir\u00e9es, si votre enfant vous r\u00e9clame toujours cette m\u00eame chanson ou si tout simplement vous \u00eates un amoureux de&#8230; <\/p>\n<div class=\"clear\"><\/div>\n<p><a href=\"https:\/\/rembatschool.fr\/index.php\/les-cours\/\" class=\"gdlr-button with-border excerpt-read-more\">Read More<\/a><\/p>\n","protected":false},"author":1,"featured_media":0,"parent":0,"menu_order":0,"comment_status":"closed","ping_status":"closed","template":"","meta":{"footnotes":""},"class_list":["post-13","page","type-page","status-publish","hentry"],"yoast_head":"<!-- This site is optimized with the Yoast SEO plugin v27.3 - https:\/\/yoast.com\/product\/yoast-seo-wordpress\/ -->\n<title>Cours de guitare sur mesure \u00e0 Nantes - Guitare \u00e9lectrique et classique<\/title>\n<meta name=\"description\" content=\"Cours de guitare \u00e0 domicile sur Nantes et ces alentours. Avec des cours adapt\u00e9 \u00e0 votre niveau. Pour guitare \u00e9lectrique et classique ( rock-blues-m\u00e9tal )\" \/>\n<meta name=\"robots\" content=\"index, follow, max-snippet:-1, max-image-preview:large, max-video-preview:-1\" \/>\n<link rel=\"canonical\" href=\"https:\/\/rembatschool.fr\/index.php\/les-cours\/\" \/>\n<meta property=\"og:locale\" content=\"fr_FR\" \/>\n<meta property=\"og:type\" content=\"article\" \/>\n<meta property=\"og:title\" content=\"Cours de guitare sur mesure \u00e0 Nantes - Guitare \u00e9lectrique et classique\" \/>\n<meta property=\"og:description\" content=\"Cours de guitare \u00e0 domicile sur Nantes et ces alentours. Avec des cours adapt\u00e9 \u00e0 votre niveau. Pour guitare \u00e9lectrique et classique ( rock-blues-m\u00e9tal )\" \/>\n<meta property=\"og:url\" content=\"https:\/\/rembatschool.fr\/index.php\/les-cours\/\" \/>\n<meta property=\"og:site_name\" content=\"Cours de guitare rock nantes\" \/>\n<meta property=\"article:publisher\" content=\"https:\/\/www.facebook.com\/rembatschool\/\" \/>\n<meta property=\"article:modified_time\" content=\"2018-09-06T12:44:49+00:00\" \/>\n<meta property=\"og:image\" content=\"https:\/\/rembatschool.fr\/wp-content\/uploads\/2016\/06\/cropped-SITE-LOGO-1.png\" \/>\n\t<meta property=\"og:image:width\" content=\"512\" \/>\n\t<meta property=\"og:image:height\" content=\"512\" \/>\n\t<meta property=\"og:image:type\" content=\"image\/png\" \/>\n<meta name=\"twitter:card\" content=\"summary_large_image\" \/>\n<meta name=\"twitter:label1\" content=\"Dur\u00e9e de lecture estim\u00e9e\" \/>\n\t<meta name=\"twitter:data1\" content=\"3 minutes\" \/>\n<script type=\"application\/ld+json\" class=\"yoast-schema-graph\">{\"@context\":\"https:\\\/\\\/schema.org\",\"@graph\":[{\"@type\":\"WebPage\",\"@id\":\"https:\\\/\\\/rembatschool.fr\\\/index.php\\\/les-cours\\\/\",\"url\":\"https:\\\/\\\/rembatschool.fr\\\/index.php\\\/les-cours\\\/\",\"name\":\"Cours de guitare sur mesure \u00e0 Nantes - Guitare \u00e9lectrique et classique\",\"isPartOf\":{\"@id\":\"https:\\\/\\\/rembatschool.fr\\\/#website\"},\"datePublished\":\"2016-05-31T09:36:23+00:00\",\"dateModified\":\"2018-09-06T12:44:49+00:00\",\"description\":\"Cours de guitare \u00e0 domicile sur Nantes et ces alentours. Avec des cours adapt\u00e9 \u00e0 votre niveau. Pour guitare \u00e9lectrique et classique ( rock-blues-m\u00e9tal )\",\"breadcrumb\":{\"@id\":\"https:\\\/\\\/rembatschool.fr\\\/index.php\\\/les-cours\\\/#breadcrumb\"},\"inLanguage\":\"fr-FR\",\"potentialAction\":[{\"@type\":\"ReadAction\",\"target\":[\"https:\\\/\\\/rembatschool.fr\\\/index.php\\\/les-cours\\\/\"]}]},{\"@type\":\"BreadcrumbList\",\"@id\":\"https:\\\/\\\/rembatschool.fr\\\/index.php\\\/les-cours\\\/#breadcrumb\",\"itemListElement\":[{\"@type\":\"ListItem\",\"position\":1,\"name\":\"Accueil\",\"item\":\"https:\\\/\\\/rembatschool.fr\\\/\"},{\"@type\":\"ListItem\",\"position\":2,\"name\":\"Les cours\"}]},{\"@type\":\"WebSite\",\"@id\":\"https:\\\/\\\/rembatschool.fr\\\/#website\",\"url\":\"https:\\\/\\\/rembatschool.fr\\\/\",\"name\":\"Cours de guitare rock nantes\",\"description\":\"des cours de guitare rock et m\u00e9tal \u00e0 domicile\",\"publisher\":{\"@id\":\"https:\\\/\\\/rembatschool.fr\\\/#organization\"},\"alternateName\":\"un prof dipl\u00f4m\u00e9 de la M.A.I.\",\"potentialAction\":[{\"@type\":\"SearchAction\",\"target\":{\"@type\":\"EntryPoint\",\"urlTemplate\":\"https:\\\/\\\/rembatschool.fr\\\/?s={search_term_string}\"},\"query-input\":{\"@type\":\"PropertyValueSpecification\",\"valueRequired\":true,\"valueName\":\"search_term_string\"}}],\"inLanguage\":\"fr-FR\"},{\"@type\":\"Organization\",\"@id\":\"https:\\\/\\\/rembatschool.fr\\\/#organization\",\"name\":\"rembatschool\",\"alternateName\":\"rembat\",\"url\":\"https:\\\/\\\/rembatschool.fr\\\/\",\"logo\":{\"@type\":\"ImageObject\",\"inLanguage\":\"fr-FR\",\"@id\":\"https:\\\/\\\/rembatschool.fr\\\/#\\\/schema\\\/logo\\\/image\\\/\",\"url\":\"https:\\\/\\\/rembatschool.fr\\\/wp-content\\\/uploads\\\/2016\\\/06\\\/cropped-SITE-LOGO-1.png\",\"contentUrl\":\"https:\\\/\\\/rembatschool.fr\\\/wp-content\\\/uploads\\\/2016\\\/06\\\/cropped-SITE-LOGO-1.png\",\"width\":512,\"height\":512,\"caption\":\"rembatschool\"},\"image\":{\"@id\":\"https:\\\/\\\/rembatschool.fr\\\/#\\\/schema\\\/logo\\\/image\\\/\"},\"sameAs\":[\"https:\\\/\\\/www.facebook.com\\\/rembatschool\\\/\",\"https:\\\/\\\/www.youtube.com\\\/@rembat9605\"]}]}<\/script>\n<!-- \/ Yoast SEO plugin. -->","yoast_head_json":{"title":"Cours de guitare sur mesure \u00e0 Nantes - Guitare \u00e9lectrique et classique","description":"Cours de guitare \u00e0 domicile sur Nantes et ces alentours. Avec des cours adapt\u00e9 \u00e0 votre niveau. Pour guitare \u00e9lectrique et classique ( rock-blues-m\u00e9tal )","robots":{"index":"index","follow":"follow","max-snippet":"max-snippet:-1","max-image-preview":"max-image-preview:large","max-video-preview":"max-video-preview:-1"},"canonical":"https:\/\/rembatschool.fr\/index.php\/les-cours\/","og_locale":"fr_FR","og_type":"article","og_title":"Cours de guitare sur mesure \u00e0 Nantes - Guitare \u00e9lectrique et classique","og_description":"Cours de guitare \u00e0 domicile sur Nantes et ces alentours. Avec des cours adapt\u00e9 \u00e0 votre niveau. Pour guitare \u00e9lectrique et classique ( rock-blues-m\u00e9tal )","og_url":"https:\/\/rembatschool.fr\/index.php\/les-cours\/","og_site_name":"Cours de guitare rock nantes","article_publisher":"https:\/\/www.facebook.com\/rembatschool\/","article_modified_time":"2018-09-06T12:44:49+00:00","og_image":[{"width":512,"height":512,"url":"https:\/\/rembatschool.fr\/wp-content\/uploads\/2016\/06\/cropped-SITE-LOGO-1.png","type":"image\/png"}],"twitter_card":"summary_large_image","twitter_misc":{"Dur\u00e9e de lecture estim\u00e9e":"3 minutes"},"schema":{"@context":"https:\/\/schema.org","@graph":[{"@type":"WebPage","@id":"https:\/\/rembatschool.fr\/index.php\/les-cours\/","url":"https:\/\/rembatschool.fr\/index.php\/les-cours\/","name":"Cours de guitare sur mesure \u00e0 Nantes - Guitare \u00e9lectrique et classique","isPartOf":{"@id":"https:\/\/rembatschool.fr\/#website"},"datePublished":"2016-05-31T09:36:23+00:00","dateModified":"2018-09-06T12:44:49+00:00","description":"Cours de guitare \u00e0 domicile sur Nantes et ces alentours. Avec des cours adapt\u00e9 \u00e0 votre niveau. Pour guitare \u00e9lectrique et classique ( rock-blues-m\u00e9tal )","breadcrumb":{"@id":"https:\/\/rembatschool.fr\/index.php\/les-cours\/#breadcrumb"},"inLanguage":"fr-FR","potentialAction":[{"@type":"ReadAction","target":["https:\/\/rembatschool.fr\/index.php\/les-cours\/"]}]},{"@type":"BreadcrumbList","@id":"https:\/\/rembatschool.fr\/index.php\/les-cours\/#breadcrumb","itemListElement":[{"@type":"ListItem","position":1,"name":"Accueil","item":"https:\/\/rembatschool.fr\/"},{"@type":"ListItem","position":2,"name":"Les cours"}]},{"@type":"WebSite","@id":"https:\/\/rembatschool.fr\/#website","url":"https:\/\/rembatschool.fr\/","name":"Cours de guitare rock nantes","description":"des cours de guitare rock et m\u00e9tal \u00e0 domicile","publisher":{"@id":"https:\/\/rembatschool.fr\/#organization"},"alternateName":"un prof dipl\u00f4m\u00e9 de la M.A.I.","potentialAction":[{"@type":"SearchAction","target":{"@type":"EntryPoint","urlTemplate":"https:\/\/rembatschool.fr\/?s={search_term_string}"},"query-input":{"@type":"PropertyValueSpecification","valueRequired":true,"valueName":"search_term_string"}}],"inLanguage":"fr-FR"},{"@type":"Organization","@id":"https:\/\/rembatschool.fr\/#organization","name":"rembatschool","alternateName":"rembat","url":"https:\/\/rembatschool.fr\/","logo":{"@type":"ImageObject","inLanguage":"fr-FR","@id":"https:\/\/rembatschool.fr\/#\/schema\/logo\/image\/","url":"https:\/\/rembatschool.fr\/wp-content\/uploads\/2016\/06\/cropped-SITE-LOGO-1.png","contentUrl":"https:\/\/rembatschool.fr\/wp-content\/uploads\/2016\/06\/cropped-SITE-LOGO-1.png","width":512,"height":512,"caption":"rembatschool"},"image":{"@id":"https:\/\/rembatschool.fr\/#\/schema\/logo\/image\/"},"sameAs":["https:\/\/www.facebook.com\/rembatschool\/","https:\/\/www.youtube.com\/@rembat9605"]}]}},"_links":{"self":[{"href":"https:\/\/rembatschool.fr\/index.php\/wp-json\/wp\/v2\/pages\/13","targetHints":{"allow":["GET"]}}],"collection":[{"href":"https:\/\/rembatschool.fr\/index.php\/wp-json\/wp\/v2\/pages"}],"about":[{"href":"https:\/\/rembatschool.fr\/index.php\/wp-json\/wp\/v2\/types\/page"}],"author":[{"embeddable":true,"href":"https:\/\/rembatschool.fr\/index.php\/wp-json\/wp\/v2\/users\/1"}],"replies":[{"embeddable":true,"href":"https:\/\/rembatschool.fr\/index.php\/wp-json\/wp\/v2\/comments?post=13"}],"version-history":[{"count":9,"href":"https:\/\/rembatschool.fr\/index.php\/wp-json\/wp\/v2\/pages\/13\/revisions"}],"predecessor-version":[{"id":1057,"href":"https:\/\/rembatschool.fr\/index.php\/wp-json\/wp\/v2\/pages\/13\/revisions\/1057"}],"wp:attachment":[{"href":"https:\/\/rembatschool.fr\/index.php\/wp-json\/wp\/v2\/media?parent=13"}],"curies":[{"name":"wp","href":"https:\/\/api.w.org\/{rel}","templated":true}]}}